{"id":21,"date":"2024-05-13T23:16:54","date_gmt":"2024-05-13T21:16:54","guid":{"rendered":"http:\/\/www.enfermerademicropigmentacion.com\/?page_id=21"},"modified":"2024-05-21T17:56:54","modified_gmt":"2024-05-21T15:56:54","slug":"donde-encontrarme","status":"publish","type":"page","link":"https:\/\/www.enfermerademicropigmentacion.com\/en\/donde-encontrarme\/","title":{"rendered":"Where to find me"},"content":{"rendered":"<div data-elementor-type=\"wp-page\" data-elementor-id=\"21\" class=\"elementor elementor-21\" data-elementor-post-type=\"page\">\n\t\t\t\t<div class=\"elementor-element elementor-element-2e0fb4e2 e-flex e-con-boxed e-con e-parent\" data-id=\"2e0fb4e2\" data-element_type=\"container\">\n\t\t\t\t\t<div class=\"e-con-inner\">\n\t\t\t\t\t<\/div>\n\t\t\t\t<\/div>\n\t\t<div class=\"elementor-element elementor-element-333540ef e-flex e-con-boxed e-con e-parent\" data-id=\"333540ef\" data-element_type=\"container\">\n\t\t\t\t\t<div class=\"e-con-inner\">\n\t\t<div class=\"elementor-element elementor-element-54adbc37 e-con-full e-flex e-con e-child\" data-id=\"54adbc37\" data-element_type=\"container\">\n\t\t\t\t<div class=\"elementor-element elementor-element-2e929792 elementor-widget elementor-widget-text-editor\" data-id=\"2e929792\" data-element_type=\"widget\" data-widget_type=\"text-editor.default\">\n\t\t\t\t<div class=\"elementor-widget-container\">\n\t\t\t<style>\/*! elementor - v3.21.0 - 20-05-2024 *\/\n.elementor-widget-text-editor.elementor-drop-cap-view-stacked .elementor-drop-cap{background-color:#69727d;color:#fff}.elementor-widget-text-editor.elementor-drop-cap-view-framed .elementor-drop-cap{color:#69727d;border:3px solid;background-color:transparent}.elementor-widget-text-editor:not(.elementor-drop-cap-view-default) .elementor-drop-cap{margin-top:8px}.elementor-widget-text-editor:not(.elementor-drop-cap-view-default) .elementor-drop-cap-letter{width:1em;height:1em}.elementor-widget-text-editor .elementor-drop-cap{float:left;text-align:center;line-height:1;font-size:50px}.elementor-widget-text-editor .elementor-drop-cap-letter{display:inline-block}<\/style>\t\t\t\t<p>Between Madrid and Toledo, I collaborate in several medical centers, clinics and tattoo studios. Write to me on Whatsapp and we will find the center that best suits you.<\/p>\t\t\t\t\t\t<\/div>\n\t\t\t\t<\/div>\n\t\t\t\t<div class=\"elementor-element elementor-element-9bbe41f elementor-align-right elementor-widget__width-inherit elementor-widget elementor-widget-button\" data-id=\"9bbe41f\" data-element_type=\"widget\" data-widget_type=\"button.default\">\n\t\t\t\t<div class=\"elementor-widget-container\">\n\t\t\t\t\t<div class=\"elementor-button-wrapper\">\n\t\t\t<a class=\"elementor-button elementor-button-link elementor-size-sm\" href=\"https:\/\/api.whatsapp.com\/send?phone=34677417740\" target=\"_blank\">\n\t\t\t\t\t\t<span class=\"elementor-button-content-wrapper\">\n\t\t\t\t\t\t<span class=\"elementor-button-icon elementor-align-icon-left\">\n\t\t\t\t<svg aria-hidden=\"true\" class=\"e-font-icon-svg e-fab-whatsapp\" viewbox=\"0 0 448 512\" xmlns=\"http:\/\/www.w3.org\/2000\/svg\"><path d=\"M380.9 97.1C339 55.1 283.2 32 223.9 32c-122.4 0-222 99.6-222 222 0 39.1 10.2 77.3 29.6 111L0 480l117.7-30.9c32.4 17.7 68.9 27 106.1 27h.1c122.3 0 224.1-99.6 224.1-222 0-59.3-25.2-115-67.1-157zm-157 341.6c-33.2 0-65.7-8.9-94-25.7l-6.7-4-69.8 18.3L72 359.2l-4.4-7c-18.5-29.4-28.2-63.3-28.2-98.2 0-101.7 82.8-184.5 184.6-184.5 49.3 0 95.6 19.2 130.4 54.1 34.8 34.9 56.2 81.2 56.1 130.5 0 101.8-84.9 184.6-186.6 184.6zm101.2-138.2c-5.5-2.8-32.8-16.2-37.9-18-5.1-1.9-8.8-2.8-12.5 2.8-3.7 5.6-14.3 18-17.6 21.8-3.2 3.7-6.5 4.2-12 1.4-32.6-16.3-54-29.1-75.5-66-5.7-9.8 5.7-9.1 16.3-30.3 1.8-3.7.9-6.9-.5-9.7-1.4-2.8-12.5-30.1-17.1-41.2-4.5-10.8-9.1-9.3-12.5-9.5-3.2-.2-6.9-.2-10.6-.2-3.7 0-9.7 1.4-14.8 6.9-5.1 5.6-19.4 19-19.4 46.3 0 27.3 19.9 53.7 22.6 57.4 2.8 3.7 39.1 59.7 94.8 83.8 35.2 15.2 49 16.5 66.6 13.9 10.7-1.6 32.8-13.4 37.4-26.4 4.6-13 4.6-24.1 3.2-26.4-1.3-2.5-5-3.9-10.5-6.6z\"><\/path><\/svg>\t\t\t<\/span>\n\t\t\t\t\t\t\t\t\t<span class=\"elementor-button-text\">Send WhatsApp<\/span>\n\t\t\t\t\t<\/span>\n\t\t\t\t\t<\/a>\n\t\t<\/div>\n\t\t\t\t<\/div>\n\t\t\t\t<\/div>\n\t\t\t\t<\/div>\n\t\t<div class=\"elementor-element elementor-element-481a2e9d e-con-full e-flex e-con e-child\" data-id=\"481a2e9d\" data-element_type=\"container\" data-settings=\"{&quot;motion_fx_motion_fx_scrolling&quot;:&quot;yes&quot;,&quot;motion_fx_translateX_effect&quot;:&quot;yes&quot;,&quot;motion_fx_translateX_affectedRange&quot;:{&quot;unit&quot;:&quot;%&quot;,&quot;size&quot;:&quot;&quot;,&quot;sizes&quot;:{&quot;start&quot;:0,&quot;end&quot;:50}},&quot;motion_fx_translateX_speed&quot;:{&quot;unit&quot;:&quot;px&quot;,&quot;size&quot;:4,&quot;sizes&quot;:[]},&quot;motion_fx_devices&quot;:[&quot;desktop&quot;,&quot;laptop&quot;,&quot;tablet&quot;,&quot;mobile&quot;]}\">\n\t\t\t\t<div class=\"elementor-element elementor-element-7874303 elementor-widget elementor-widget-image\" data-id=\"7874303\" data-element_type=\"widget\" data-widget_type=\"image.default\">\n\t\t\t\t<div class=\"elementor-widget-container\">\n\t\t\t<style>\/*! elementor - v3.21.0 - 20-05-2024 *\/\n.elementor-widget-image{text-align:center}.elementor-widget-image a{display:inline-block}.elementor-widget-image a img[src$=\".svg\"]{width:48px}.elementor-widget-image img{vertical-align:middle;display:inline-block}<\/style>\t\t\t\t\t\t\t\t\t\t<img fetchpriority=\"high\" decoding=\"async\" width=\"600\" height=\"900\" src=\"https:\/\/www.enfermerademicropigmentacion.com\/wp-content\/uploads\/2024\/05\/donde.jpg\" class=\"attachment-full size-full wp-image-347\" alt=\"\" srcset=\"https:\/\/www.enfermerademicropigmentacion.com\/wp-content\/uploads\/2024\/05\/donde.jpg 600w, https:\/\/www.enfermerademicropigmentacion.com\/wp-content\/uploads\/2024\/05\/donde-200x300.jpg 200w\" sizes=\"(max-width: 600px) 100vw, 600px\" \/>\t\t\t\t\t\t\t\t\t\t\t\t\t<\/div>\n\t\t\t\t<\/div>\n\t\t\t\t<\/div>\n\t\t\t\t\t<\/div>\n\t\t\t\t<\/div>\n\t\t\t\t<\/div>","protected":false},"excerpt":{"rendered":"<p>Entre Madrid y Toledo, colaboro en varios centros m\u00e9dicos, cl\u00ednicas y estudios de tatuaje. Escr\u00edbeme por Whatsapp y encontraremos el centro que mejor se adapte a ti. Enviar whatsApp<\/p>","protected":false},"author":1,"featured_media":0,"parent":0,"menu_order":0,"comment_status":"closed","ping_status":"closed","template":"","meta":{"footnotes":""},"class_list":["post-21","page","type-page","status-publish","hentry"],"yoast_head":"<!-- This site is optimized with the Yoast SEO plugin v25.2 - https:\/\/yoast.com\/wordpress\/plugins\/seo\/ -->\n<title>D\u00f3nde Encontrarme - Gemma L\u00f3pez | Micropigmentaci\u00f3n Param\u00e9dica en Madrid<\/title>\n<meta name=\"robots\" content=\"index, follow, max-snippet:-1, max-image-preview:large, max-video-preview:-1\" \/>\n<link rel=\"canonical\" href=\"https:\/\/www.enfermerademicropigmentacion.com\/en\/donde-encontrarme\/\" \/>\n<meta property=\"og:locale\" content=\"en_GB\" \/>\n<meta property=\"og:type\" content=\"article\" \/>\n<meta property=\"og:title\" content=\"D\u00f3nde Encontrarme - Gemma L\u00f3pez | Micropigmentaci\u00f3n Param\u00e9dica en Madrid\" \/>\n<meta property=\"og:description\" content=\"Entre Madrid y Toledo, colaboro en varios centros m\u00e9dicos, cl\u00ednicas y estudios de tatuaje. Escr\u00edbeme por Whatsapp y encontraremos el centro que mejor se adapte a ti. Enviar whatsApp\" \/>\n<meta property=\"og:url\" content=\"https:\/\/www.enfermerademicropigmentacion.com\/en\/donde-encontrarme\/\" \/>\n<meta property=\"og:site_name\" content=\"Gemma L\u00f3pez | Micropigmentaci\u00f3n Param\u00e9dica en Madrid\" \/>\n<meta property=\"article:modified_time\" content=\"2024-05-21T15:56:54+00:00\" \/>\n<meta property=\"og:image\" content=\"https:\/\/www.enfermerademicropigmentacion.com\/wp-content\/uploads\/2024\/05\/donde.jpg\" \/>\n<meta name=\"twitter:card\" content=\"summary_large_image\" \/>\n<script type=\"application\/ld+json\" class=\"yoast-schema-graph\">{\"@context\":\"https:\/\/schema.org\",\"@graph\":[{\"@type\":\"WebPage\",\"@id\":\"https:\/\/www.enfermerademicropigmentacion.com\/donde-encontrarme\/\",\"url\":\"https:\/\/www.enfermerademicropigmentacion.com\/donde-encontrarme\/\",\"name\":\"D\u00f3nde Encontrarme - Gemma L\u00f3pez | Micropigmentaci\u00f3n Param\u00e9dica en Madrid\",\"isPartOf\":{\"@id\":\"https:\/\/www.enfermerademicropigmentacion.com\/#website\"},\"primaryImageOfPage\":{\"@id\":\"https:\/\/www.enfermerademicropigmentacion.com\/donde-encontrarme\/#primaryimage\"},\"image\":{\"@id\":\"https:\/\/www.enfermerademicropigmentacion.com\/donde-encontrarme\/#primaryimage\"},\"thumbnailUrl\":\"https:\/\/www.enfermerademicropigmentacion.com\/wp-content\/uploads\/2024\/05\/donde.jpg\",\"datePublished\":\"2024-05-13T21:16:54+00:00\",\"dateModified\":\"2024-05-21T15:56:54+00:00\",\"breadcrumb\":{\"@id\":\"https:\/\/www.enfermerademicropigmentacion.com\/donde-encontrarme\/#breadcrumb\"},\"inLanguage\":\"en-GB\",\"potentialAction\":[{\"@type\":\"ReadAction\",\"target\":[\"https:\/\/www.enfermerademicropigmentacion.com\/donde-encontrarme\/\"]}]},{\"@type\":\"ImageObject\",\"inLanguage\":\"en-GB\",\"@id\":\"https:\/\/www.enfermerademicropigmentacion.com\/donde-encontrarme\/#primaryimage\",\"url\":\"https:\/\/www.enfermerademicropigmentacion.com\/wp-content\/uploads\/2024\/05\/donde.jpg\",\"contentUrl\":\"https:\/\/www.enfermerademicropigmentacion.com\/wp-content\/uploads\/2024\/05\/donde.jpg\"},{\"@type\":\"BreadcrumbList\",\"@id\":\"https:\/\/www.enfermerademicropigmentacion.com\/donde-encontrarme\/#breadcrumb\",\"itemListElement\":[{\"@type\":\"ListItem\",\"position\":1,\"name\":\"Portada\",\"item\":\"https:\/\/www.enfermerademicropigmentacion.com\/\"},{\"@type\":\"ListItem\",\"position\":2,\"name\":\"D\u00f3nde Encontrarme\"}]},{\"@type\":\"WebSite\",\"@id\":\"https:\/\/www.enfermerademicropigmentacion.com\/#website\",\"url\":\"https:\/\/www.enfermerademicropigmentacion.com\/\",\"name\":\"Gemma L\u00f3pez | Micropigmentaci\u00f3n Param\u00e9dica en Madrid\",\"description\":\"Micropigmentaci\u00f3n param\u00e9dica en Madrid especializada en areola-pez\u00f3n 3D y camuflaje de cicatrices mamarias. Enfermera experta en reconstrucci\u00f3n mamaria y est\u00e9tica cl\u00ednica.\",\"potentialAction\":[{\"@type\":\"SearchAction\",\"target\":{\"@type\":\"EntryPoint\",\"urlTemplate\":\"https:\/\/www.enfermerademicropigmentacion.com\/?s={search_term_string}\"},\"query-input\":{\"@type\":\"PropertyValueSpecification\",\"valueRequired\":true,\"valueName\":\"search_term_string\"}}],\"inLanguage\":\"en-GB\"}]}<\/script>\n<!-- \/ Yoast SEO plugin. -->","yoast_head_json":{"title":"D\u00f3nde Encontrarme - Gemma L\u00f3pez | Micropigmentaci\u00f3n Param\u00e9dica en Madrid","robots":{"index":"index","follow":"follow","max-snippet":"max-snippet:-1","max-image-preview":"max-image-preview:large","max-video-preview":"max-video-preview:-1"},"canonical":"https:\/\/www.enfermerademicropigmentacion.com\/en\/donde-encontrarme\/","og_locale":"en_GB","og_type":"article","og_title":"D\u00f3nde Encontrarme - Gemma L\u00f3pez | Micropigmentaci\u00f3n Param\u00e9dica en Madrid","og_description":"Entre Madrid y Toledo, colaboro en varios centros m\u00e9dicos, cl\u00ednicas y estudios de tatuaje. Escr\u00edbeme por Whatsapp y encontraremos el centro que mejor se adapte a ti. Enviar whatsApp","og_url":"https:\/\/www.enfermerademicropigmentacion.com\/en\/donde-encontrarme\/","og_site_name":"Gemma L\u00f3pez | Micropigmentaci\u00f3n Param\u00e9dica en Madrid","article_modified_time":"2024-05-21T15:56:54+00:00","og_image":[{"url":"https:\/\/www.enfermerademicropigmentacion.com\/wp-content\/uploads\/2024\/05\/donde.jpg","type":"","width":"","height":""}],"twitter_card":"summary_large_image","schema":{"@context":"https:\/\/schema.org","@graph":[{"@type":"WebPage","@id":"https:\/\/www.enfermerademicropigmentacion.com\/donde-encontrarme\/","url":"https:\/\/www.enfermerademicropigmentacion.com\/donde-encontrarme\/","name":"D\u00f3nde Encontrarme - Gemma L\u00f3pez | Micropigmentaci\u00f3n Param\u00e9dica en Madrid","isPartOf":{"@id":"https:\/\/www.enfermerademicropigmentacion.com\/#website"},"primaryImageOfPage":{"@id":"https:\/\/www.enfermerademicropigmentacion.com\/donde-encontrarme\/#primaryimage"},"image":{"@id":"https:\/\/www.enfermerademicropigmentacion.com\/donde-encontrarme\/#primaryimage"},"thumbnailUrl":"https:\/\/www.enfermerademicropigmentacion.com\/wp-content\/uploads\/2024\/05\/donde.jpg","datePublished":"2024-05-13T21:16:54+00:00","dateModified":"2024-05-21T15:56:54+00:00","breadcrumb":{"@id":"https:\/\/www.enfermerademicropigmentacion.com\/donde-encontrarme\/#breadcrumb"},"inLanguage":"en-GB","potentialAction":[{"@type":"ReadAction","target":["https:\/\/www.enfermerademicropigmentacion.com\/donde-encontrarme\/"]}]},{"@type":"ImageObject","inLanguage":"en-GB","@id":"https:\/\/www.enfermerademicropigmentacion.com\/donde-encontrarme\/#primaryimage","url":"https:\/\/www.enfermerademicropigmentacion.com\/wp-content\/uploads\/2024\/05\/donde.jpg","contentUrl":"https:\/\/www.enfermerademicropigmentacion.com\/wp-content\/uploads\/2024\/05\/donde.jpg"},{"@type":"BreadcrumbList","@id":"https:\/\/www.enfermerademicropigmentacion.com\/donde-encontrarme\/#breadcrumb","itemListElement":[{"@type":"ListItem","position":1,"name":"Portada","item":"https:\/\/www.enfermerademicropigmentacion.com\/"},{"@type":"ListItem","position":2,"name":"D\u00f3nde Encontrarme"}]},{"@type":"WebSite","@id":"https:\/\/www.enfermerademicropigmentacion.com\/#website","url":"https:\/\/www.enfermerademicropigmentacion.com\/","name":"Gemma L\u00f3pez | Micropigmentaci\u00f3n Param\u00e9dica en Madrid","description":"Micropigmentaci\u00f3n param\u00e9dica en Madrid especializada en areola-pez\u00f3n 3D y camuflaje de cicatrices mamarias. Enfermera experta en reconstrucci\u00f3n mamaria y est\u00e9tica cl\u00ednica.","potentialAction":[{"@type":"SearchAction","target":{"@type":"EntryPoint","urlTemplate":"https:\/\/www.enfermerademicropigmentacion.com\/?s={search_term_string}"},"query-input":{"@type":"PropertyValueSpecification","valueRequired":true,"valueName":"search_term_string"}}],"inLanguage":"en-GB"}]}},"_links":{"self":[{"href":"https:\/\/www.enfermerademicropigmentacion.com\/en\/wp-json\/wp\/v2\/pages\/21","targetHints":{"allow":["GET"]}}],"collection":[{"href":"https:\/\/www.enfermerademicropigmentacion.com\/en\/wp-json\/wp\/v2\/pages"}],"about":[{"href":"https:\/\/www.enfermerademicropigmentacion.com\/en\/wp-json\/wp\/v2\/types\/page"}],"author":[{"embeddable":true,"href":"https:\/\/www.enfermerademicropigmentacion.com\/en\/wp-json\/wp\/v2\/users\/1"}],"replies":[{"embeddable":true,"href":"https:\/\/www.enfermerademicropigmentacion.com\/en\/wp-json\/wp\/v2\/comments?post=21"}],"version-history":[{"count":23,"href":"https:\/\/www.enfermerademicropigmentacion.com\/en\/wp-json\/wp\/v2\/pages\/21\/revisions"}],"predecessor-version":[{"id":621,"href":"https:\/\/www.enfermerademicropigmentacion.com\/en\/wp-json\/wp\/v2\/pages\/21\/revisions\/621"}],"wp:attachment":[{"href":"https:\/\/www.enfermerademicropigmentacion.com\/en\/wp-json\/wp\/v2\/media?parent=21"}],"curies":[{"name":"wp","href":"https:\/\/api.w.org\/{rel}","templated":true}]}}