{"id":19,"date":"2024-05-13T23:16:21","date_gmt":"2024-05-13T21:16:21","guid":{"rendered":"http:\/\/www.enfermerademicropigmentacion.com\/?page_id=19"},"modified":"2024-05-21T16:43:21","modified_gmt":"2024-05-21T14:43:21","slug":"capilar","status":"publish","type":"page","link":"https:\/\/www.enfermerademicropigmentacion.com\/en\/capilar\/","title":{"rendered":"Capillary"},"content":{"rendered":"<div data-elementor-type=\"wp-page\" data-elementor-id=\"19\" class=\"elementor elementor-19\" data-elementor-post-type=\"page\">\n\t\t\t\t<div class=\"elementor-element elementor-element-3fa59030 e-flex e-con-boxed e-con e-parent\" data-id=\"3fa59030\" data-element_type=\"container\">\n\t\t\t\t\t<div class=\"e-con-inner\">\n\t\t\t\t\t<\/div>\n\t\t\t\t<\/div>\n\t\t<div class=\"elementor-element elementor-element-55ba5c16 e-flex e-con-boxed e-con e-parent\" data-id=\"55ba5c16\" data-element_type=\"container\">\n\t\t\t\t\t<div class=\"e-con-inner\">\n\t\t<div class=\"elementor-element elementor-element-2172b165 e-con-full e-flex e-con e-child\" data-id=\"2172b165\" data-element_type=\"container\">\n\t\t\t\t<div class=\"elementor-element elementor-element-76097a57 elementor-widget elementor-widget-text-editor\" data-id=\"76097a57\" data-element_type=\"widget\" data-widget_type=\"text-editor.default\">\n\t\t\t\t<div class=\"elementor-widget-container\">\n\t\t\t<style>\/*! elementor - v3.21.0 - 20-05-2024 *\/\n.elementor-widget-text-editor.elementor-drop-cap-view-stacked .elementor-drop-cap{background-color:#69727d;color:#fff}.elementor-widget-text-editor.elementor-drop-cap-view-framed .elementor-drop-cap{color:#69727d;border:3px solid;background-color:transparent}.elementor-widget-text-editor:not(.elementor-drop-cap-view-default) .elementor-drop-cap{margin-top:8px}.elementor-widget-text-editor:not(.elementor-drop-cap-view-default) .elementor-drop-cap-letter{width:1em;height:1em}.elementor-widget-text-editor .elementor-drop-cap{float:left;text-align:center;line-height:1;font-size:50px}.elementor-widget-text-editor .elementor-drop-cap-letter{display:inline-block}<\/style>\t\t\t\t<p class=\" translation-block\">Helped by micropigmentation and the extensive range of colors offered by the pigments available on the market, and all regulated by the Spanish Agency for Medicines and Health Products, we can camouflage scars both on the breast and on the rest of the body so that, although not They can disappear if they go as unnoticed as possible.<\/p>\t\t\t\t\t\t<\/div>\n\t\t\t\t<\/div>\n\t\t\t\t<\/div>\n\t\t<div class=\"elementor-element elementor-element-63e98aff e-con-full e-flex e-con e-child\" data-id=\"63e98aff\" data-element_type=\"container\" data-settings=\"{&quot;motion_fx_motion_fx_scrolling&quot;:&quot;yes&quot;,&quot;motion_fx_translateX_effect&quot;:&quot;yes&quot;,&quot;motion_fx_translateX_affectedRange&quot;:{&quot;unit&quot;:&quot;%&quot;,&quot;size&quot;:&quot;&quot;,&quot;sizes&quot;:{&quot;start&quot;:0,&quot;end&quot;:50}},&quot;motion_fx_translateX_speed&quot;:{&quot;unit&quot;:&quot;px&quot;,&quot;size&quot;:4,&quot;sizes&quot;:[]},&quot;motion_fx_devices&quot;:[&quot;desktop&quot;,&quot;laptop&quot;,&quot;tablet&quot;,&quot;mobile&quot;]}\">\n\t\t\t\t<div class=\"elementor-element elementor-element-52a6b4f6 elementor-widget elementor-widget-image\" data-id=\"52a6b4f6\" data-element_type=\"widget\" data-widget_type=\"image.default\">\n\t\t\t\t<div class=\"elementor-widget-container\">\n\t\t\t<style>\/*! elementor - v3.21.0 - 20-05-2024 *\/\n.elementor-widget-image{text-align:center}.elementor-widget-image a{display:inline-block}.elementor-widget-image a img[src$=\".svg\"]{width:48px}.elementor-widget-image img{vertical-align:middle;display:inline-block}<\/style>\t\t\t\t\t\t\t\t\t\t<img fetchpriority=\"high\" decoding=\"async\" width=\"600\" height=\"900\" src=\"https:\/\/www.enfermerademicropigmentacion.com\/wp-content\/uploads\/2024\/05\/capilar-1.jpg\" class=\"attachment-full size-full wp-image-342\" alt=\"\" srcset=\"https:\/\/www.enfermerademicropigmentacion.com\/wp-content\/uploads\/2024\/05\/capilar-1.jpg 600w, https:\/\/www.enfermerademicropigmentacion.com\/wp-content\/uploads\/2024\/05\/capilar-1-200x300.jpg 200w\" sizes=\"(max-width: 600px) 100vw, 600px\" \/>\t\t\t\t\t\t\t\t\t\t\t\t\t<\/div>\n\t\t\t\t<\/div>\n\t\t\t\t<div class=\"elementor-element elementor-element-718b58c elementor-absolute elementor-widget elementor-widget-image\" data-id=\"718b58c\" data-element_type=\"widget\" data-settings=\"{&quot;_position&quot;:&quot;absolute&quot;,&quot;motion_fx_motion_fx_scrolling&quot;:&quot;yes&quot;,&quot;motion_fx_translateX_effect&quot;:&quot;yes&quot;,&quot;motion_fx_translateX_direction&quot;:&quot;negative&quot;,&quot;motion_fx_translateX_affectedRange&quot;:{&quot;unit&quot;:&quot;%&quot;,&quot;size&quot;:&quot;&quot;,&quot;sizes&quot;:{&quot;start&quot;:0,&quot;end&quot;:50}},&quot;motion_fx_rotateZ_effect&quot;:&quot;yes&quot;,&quot;motion_fx_rotateZ_direction&quot;:&quot;negative&quot;,&quot;motion_fx_rotateZ_affectedRange&quot;:{&quot;unit&quot;:&quot;%&quot;,&quot;size&quot;:&quot;&quot;,&quot;sizes&quot;:{&quot;start&quot;:0,&quot;end&quot;:50}},&quot;motion_fx_translateX_speed&quot;:{&quot;unit&quot;:&quot;px&quot;,&quot;size&quot;:4,&quot;sizes&quot;:[]},&quot;motion_fx_rotateZ_speed&quot;:{&quot;unit&quot;:&quot;px&quot;,&quot;size&quot;:1,&quot;sizes&quot;:[]},&quot;motion_fx_devices&quot;:[&quot;desktop&quot;,&quot;laptop&quot;,&quot;tablet&quot;,&quot;mobile&quot;]}\" data-widget_type=\"image.default\">\n\t\t\t\t<div class=\"elementor-widget-container\">\n\t\t\t\t\t\t\t\t\t\t\t\t\t<img decoding=\"async\" width=\"444\" height=\"500\" src=\"https:\/\/www.enfermerademicropigmentacion.com\/wp-content\/uploads\/2024\/05\/pen-micro-2.png\" class=\"attachment-full size-full wp-image-335\" alt=\"\" srcset=\"https:\/\/www.enfermerademicropigmentacion.com\/wp-content\/uploads\/2024\/05\/pen-micro-2.png 444w, https:\/\/www.enfermerademicropigmentacion.com\/wp-content\/uploads\/2024\/05\/pen-micro-2-266x300.png 266w\" sizes=\"(max-width: 444px) 100vw, 444px\" \/>\t\t\t\t\t\t\t\t\t\t\t\t\t<\/div>\n\t\t\t\t<\/div>\n\t\t\t\t<\/div>\n\t\t\t\t\t<\/div>\n\t\t\t\t<\/div>\n\t\t<div class=\"elementor-element elementor-element-2f3e02d7 e-flex e-con-boxed e-con e-parent\" data-id=\"2f3e02d7\" data-element_type=\"container\">\n\t\t\t\t\t<div class=\"e-con-inner\">\n\t\t<div class=\"elementor-element elementor-element-92a1d05 e-con-full e-flex e-con e-child\" data-id=\"92a1d05\" data-element_type=\"container\">\n\t\t\t\t<div class=\"elementor-element elementor-element-a331433 elementor-widget__width-inherit elementor-widget elementor-widget-elementskit-image-comparison\" data-id=\"a331433\" data-element_type=\"widget\" data-widget_type=\"elementskit-image-comparison.default\">\n\t\t\t\t<div class=\"elementor-widget-container\">\n\t\t\t<div class=\"ekit-wid-con\" >\n\t\t<div class=\"elementskit-image-comparison image-comparison-container\" data-offset=\"0.5\" data-overlay=\"true\" data-label_after=\"Despu\u00e9s\" data-label_before=\"Antes\" data-move_slider_on_hover=\"\" data-click_to_move=\"\">\n\t\t\t<img decoding=\"async\" src=\"https:\/\/www.enfermerademicropigmentacion.com\/wp-content\/uploads\/2024\/05\/before-3.jpg\" title=\"before-3\" alt=\"before-3\" loading=\"lazy\" \/><img decoding=\"async\" src=\"https:\/\/www.enfermerademicropigmentacion.com\/wp-content\/uploads\/2024\/05\/after-3.jpg\" title=\"after-3\" alt=\"after-3\" loading=\"lazy\" \/>\t\t<\/div>\n\n\t<\/div>\t\t<\/div>\n\t\t\t\t<\/div>\n\t\t<div class=\"elementor-element elementor-element-f9585d4 e-con-full e-flex e-con e-child\" data-id=\"f9585d4\" data-element_type=\"container\">\n\t\t\t\t<div class=\"elementor-element elementor-element-41be6c2 elementor-widget elementor-widget-heading\" data-id=\"41be6c2\" data-element_type=\"widget\" data-widget_type=\"heading.default\">\n\t\t\t\t<div class=\"elementor-widget-container\">\n\t\t\t<style>\/*! elementor - v3.21.0 - 20-05-2024 *\/\n.elementor-heading-title{padding:0;margin:0;line-height:1}.elementor-widget-heading .elementor-heading-title[class*=elementor-size-]>a{color:inherit;font-size:inherit;line-height:inherit}.elementor-widget-heading .elementor-heading-title.elementor-size-small{font-size:15px}.elementor-widget-heading .elementor-heading-title.elementor-size-medium{font-size:19px}.elementor-widget-heading .elementor-heading-title.elementor-size-large{font-size:29px}.elementor-widget-heading .elementor-heading-title.elementor-size-xl{font-size:39px}.elementor-widget-heading .elementor-heading-title.elementor-size-xxl{font-size:59px}<\/style><h2 class=\"elementor-heading-title elementor-size-default\">Before<\/h2>\t\t<\/div>\n\t\t\t\t<\/div>\n\t\t\t\t<\/div>\n\t\t<div class=\"elementor-element elementor-element-0fba6e9 e-con-full e-flex e-con e-child\" data-id=\"0fba6e9\" data-element_type=\"container\">\n\t\t\t\t<div class=\"elementor-element elementor-element-014ab81 elementor-widget elementor-widget-heading\" data-id=\"014ab81\" data-element_type=\"widget\" data-widget_type=\"heading.default\">\n\t\t\t\t<div class=\"elementor-widget-container\">\n\t\t\t<h2 class=\"elementor-heading-title elementor-size-default\">After<\/h2>\t\t<\/div>\n\t\t\t\t<\/div>\n\t\t\t\t<\/div>\n\t\t\t\t<\/div>\n\t\t<div class=\"elementor-element elementor-element-605db88 e-con-full e-flex e-con e-child\" data-id=\"605db88\" data-element_type=\"container\">\n\t\t\t\t<div class=\"elementor-element elementor-element-35a4d8f elementor-widget__width-inherit elementor-widget elementor-widget-elementskit-image-comparison\" data-id=\"35a4d8f\" data-element_type=\"widget\" data-widget_type=\"elementskit-image-comparison.default\">\n\t\t\t\t<div class=\"elementor-widget-container\">\n\t\t\t<div class=\"ekit-wid-con\" >\n\t\t<div class=\"elementskit-image-comparison image-comparison-container\" data-offset=\"0.5\" data-overlay=\"true\" data-label_after=\"Despu\u00e9s\" data-label_before=\"Antes\" data-move_slider_on_hover=\"\" data-click_to_move=\"\">\n\t\t\t<img decoding=\"async\" src=\"https:\/\/www.enfermerademicropigmentacion.com\/wp-content\/uploads\/2024\/05\/capilar-antes-1.jpg\" title=\"capilar-antes-1\" alt=\"capilar-antes-1\" loading=\"lazy\" \/><img decoding=\"async\" src=\"https:\/\/www.enfermerademicropigmentacion.com\/wp-content\/uploads\/2024\/05\/capilar-despues-1.jpg\" title=\"capilar-despues-1\" alt=\"capilar-despues-1\" loading=\"lazy\" \/>\t\t<\/div>\n\n\t<\/div>\t\t<\/div>\n\t\t\t\t<\/div>\n\t\t<div class=\"elementor-element elementor-element-6ec3727 e-con-full e-flex e-con e-child\" data-id=\"6ec3727\" data-element_type=\"container\">\n\t\t\t\t<div class=\"elementor-element elementor-element-5ce5c20 elementor-widget elementor-widget-heading\" data-id=\"5ce5c20\" data-element_type=\"widget\" data-widget_type=\"heading.default\">\n\t\t\t\t<div class=\"elementor-widget-container\">\n\t\t\t<h2 class=\"elementor-heading-title elementor-size-default\">Before<\/h2>\t\t<\/div>\n\t\t\t\t<\/div>\n\t\t\t\t<\/div>\n\t\t<div class=\"elementor-element elementor-element-e528b3a e-con-full e-flex e-con e-child\" data-id=\"e528b3a\" data-element_type=\"container\">\n\t\t\t\t<div class=\"elementor-element elementor-element-1aa7bb4 elementor-widget elementor-widget-heading\" data-id=\"1aa7bb4\" data-element_type=\"widget\" data-widget_type=\"heading.default\">\n\t\t\t\t<div class=\"elementor-widget-container\">\n\t\t\t<h2 class=\"elementor-heading-title elementor-size-default\">After<\/h2>\t\t<\/div>\n\t\t\t\t<\/div>\n\t\t\t\t<\/div>\n\t\t\t\t<\/div>\n\t\t<div class=\"elementor-element elementor-element-036a211 e-con-full e-flex e-con e-child\" data-id=\"036a211\" data-element_type=\"container\">\n\t\t\t\t<div class=\"elementor-element elementor-element-2a40a17 elementor-widget__width-inherit elementor-widget elementor-widget-elementskit-image-comparison\" data-id=\"2a40a17\" data-element_type=\"widget\" data-widget_type=\"elementskit-image-comparison.default\">\n\t\t\t\t<div class=\"elementor-widget-container\">\n\t\t\t<div class=\"ekit-wid-con\" >\n\t\t<div class=\"elementskit-image-comparison image-comparison-container\" data-offset=\"0.5\" data-overlay=\"true\" data-label_after=\"Despu\u00e9s\" data-label_before=\"Antes\" data-move_slider_on_hover=\"\" data-click_to_move=\"\">\n\t\t\t<img decoding=\"async\" src=\"https:\/\/www.enfermerademicropigmentacion.com\/wp-content\/uploads\/2024\/05\/capilar-antes-2.jpg\" title=\"capilar-antes-2\" alt=\"capilar-antes-2\" loading=\"lazy\" \/><img decoding=\"async\" src=\"https:\/\/www.enfermerademicropigmentacion.com\/wp-content\/uploads\/2024\/05\/capilar-despues-2.jpg\" title=\"capilar-despues-2\" alt=\"capilar-despues-2\" loading=\"lazy\" \/>\t\t<\/div>\n\n\t<\/div>\t\t<\/div>\n\t\t\t\t<\/div>\n\t\t<div class=\"elementor-element elementor-element-f929e9a e-con-full e-flex e-con e-child\" data-id=\"f929e9a\" data-element_type=\"container\">\n\t\t\t\t<div class=\"elementor-element elementor-element-de8c381 elementor-widget elementor-widget-heading\" data-id=\"de8c381\" data-element_type=\"widget\" data-widget_type=\"heading.default\">\n\t\t\t\t<div class=\"elementor-widget-container\">\n\t\t\t<h2 class=\"elementor-heading-title elementor-size-default\">Before<\/h2>\t\t<\/div>\n\t\t\t\t<\/div>\n\t\t\t\t<\/div>\n\t\t<div class=\"elementor-element elementor-element-57c076e e-con-full e-flex e-con e-child\" data-id=\"57c076e\" data-element_type=\"container\">\n\t\t\t\t<div class=\"elementor-element elementor-element-22de3b5 elementor-widget elementor-widget-heading\" data-id=\"22de3b5\" data-element_type=\"widget\" data-widget_type=\"heading.default\">\n\t\t\t\t<div class=\"elementor-widget-container\">\n\t\t\t<h2 class=\"elementor-heading-title elementor-size-default\">After<\/h2>\t\t<\/div>\n\t\t\t\t<\/div>\n\t\t\t\t<\/div>\n\t\t\t\t<\/div>\n\t\t<div class=\"elementor-element elementor-element-0ef6915 e-con-full e-flex e-con e-child\" data-id=\"0ef6915\" data-element_type=\"container\">\n\t\t\t\t<div class=\"elementor-element elementor-element-5ef3dda elementor-widget__width-inherit elementor-widget elementor-widget-elementskit-image-comparison\" data-id=\"5ef3dda\" data-element_type=\"widget\" data-widget_type=\"elementskit-image-comparison.default\">\n\t\t\t\t<div class=\"elementor-widget-container\">\n\t\t\t<div class=\"ekit-wid-con\" >\n\t\t<div class=\"elementskit-image-comparison image-comparison-container\" data-offset=\"0.5\" data-overlay=\"true\" data-label_after=\"Despu\u00e9s\" data-label_before=\"Antes\" data-move_slider_on_hover=\"\" data-click_to_move=\"\">\n\t\t\t<img decoding=\"async\" src=\"https:\/\/www.enfermerademicropigmentacion.com\/wp-content\/uploads\/2024\/05\/capilar-antes-3.jpg\" title=\"capilar-antes-3\" alt=\"capilar-antes-3\" loading=\"lazy\" \/><img decoding=\"async\" src=\"https:\/\/www.enfermerademicropigmentacion.com\/wp-content\/uploads\/2024\/05\/capilar-despues-3.jpg\" title=\"capilar-despues-3\" alt=\"capilar-despues-3\" loading=\"lazy\" \/>\t\t<\/div>\n\n\t<\/div>\t\t<\/div>\n\t\t\t\t<\/div>\n\t\t<div class=\"elementor-element elementor-element-329154c e-con-full e-flex e-con e-child\" data-id=\"329154c\" data-element_type=\"container\">\n\t\t\t\t<div class=\"elementor-element elementor-element-b60bc1b elementor-widget elementor-widget-heading\" data-id=\"b60bc1b\" data-element_type=\"widget\" data-widget_type=\"heading.default\">\n\t\t\t\t<div class=\"elementor-widget-container\">\n\t\t\t<h2 class=\"elementor-heading-title elementor-size-default\">Before<\/h2>\t\t<\/div>\n\t\t\t\t<\/div>\n\t\t\t\t<\/div>\n\t\t<div class=\"elementor-element elementor-element-53ed65a e-con-full e-flex e-con e-child\" data-id=\"53ed65a\" data-element_type=\"container\">\n\t\t\t\t<div class=\"elementor-element elementor-element-5966097 elementor-widget elementor-widget-heading\" data-id=\"5966097\" data-element_type=\"widget\" data-widget_type=\"heading.default\">\n\t\t\t\t<div class=\"elementor-widget-container\">\n\t\t\t<h2 class=\"elementor-heading-title elementor-size-default\">After<\/h2>\t\t<\/div>\n\t\t\t\t<\/div>\n\t\t\t\t<\/div>\n\t\t\t\t<\/div>\n\t\t\t\t\t<\/div>\n\t\t\t\t<\/div>\n\t\t\t\t<\/div>","protected":false},"excerpt":{"rendered":"<p>Indicada para aquellos pacientes que sufren alopecia en cualquiera de sus grados y quieren lucir un efecto rapado, o se han sometido a implantes capilares en los que queremos camuflar las cicatrices de la extracci\u00f3n de los fol\u00edculos, o para aquellos que simplemente quieren redensificar la zona visualmente para seguir llevando su corte de pelo. [&hellip;]<\/p>","protected":false},"author":1,"featured_media":0,"parent":0,"menu_order":0,"comment_status":"closed","ping_status":"closed","template":"","meta":{"footnotes":""},"class_list":["post-19","page","type-page","status-publish","hentry"],"yoast_head":"<!-- This site is optimized with the Yoast SEO plugin v25.2 - https:\/\/yoast.com\/wordpress\/plugins\/seo\/ -->\n<title>Capilar - Gemma L\u00f3pez | Micropigmentaci\u00f3n Param\u00e9dica en Madrid<\/title>\n<meta name=\"robots\" content=\"index, follow, max-snippet:-1, max-image-preview:large, max-video-preview:-1\" \/>\n<link rel=\"canonical\" href=\"https:\/\/www.enfermerademicropigmentacion.com\/en\/capilar\/\" \/>\n<meta property=\"og:locale\" content=\"en_GB\" \/>\n<meta property=\"og:type\" content=\"article\" \/>\n<meta property=\"og:title\" content=\"Capilar - Gemma L\u00f3pez | Micropigmentaci\u00f3n Param\u00e9dica en Madrid\" \/>\n<meta property=\"og:description\" content=\"Indicada para aquellos pacientes que sufren alopecia en cualquiera de sus grados y quieren lucir un efecto rapado, o se han sometido a implantes capilares en los que queremos camuflar las cicatrices de la extracci\u00f3n de los fol\u00edculos, o para aquellos que simplemente quieren redensificar la zona visualmente para seguir llevando su corte de pelo. [&hellip;]\" \/>\n<meta property=\"og:url\" content=\"https:\/\/www.enfermerademicropigmentacion.com\/en\/capilar\/\" \/>\n<meta property=\"og:site_name\" content=\"Gemma L\u00f3pez | Micropigmentaci\u00f3n Param\u00e9dica en Madrid\" \/>\n<meta property=\"article:modified_time\" content=\"2024-05-21T14:43:21+00:00\" \/>\n<meta property=\"og:image\" content=\"https:\/\/www.enfermerademicropigmentacion.com\/wp-content\/uploads\/2024\/05\/capilar-1.jpg\" \/>\n<meta name=\"twitter:card\" content=\"summary_large_image\" \/>\n<script type=\"application\/ld+json\" class=\"yoast-schema-graph\">{\"@context\":\"https:\/\/schema.org\",\"@graph\":[{\"@type\":\"WebPage\",\"@id\":\"https:\/\/www.enfermerademicropigmentacion.com\/capilar\/\",\"url\":\"https:\/\/www.enfermerademicropigmentacion.com\/capilar\/\",\"name\":\"Capilar - Gemma L\u00f3pez | Micropigmentaci\u00f3n Param\u00e9dica en Madrid\",\"isPartOf\":{\"@id\":\"https:\/\/www.enfermerademicropigmentacion.com\/#website\"},\"primaryImageOfPage\":{\"@id\":\"https:\/\/www.enfermerademicropigmentacion.com\/capilar\/#primaryimage\"},\"image\":{\"@id\":\"https:\/\/www.enfermerademicropigmentacion.com\/capilar\/#primaryimage\"},\"thumbnailUrl\":\"https:\/\/www.enfermerademicropigmentacion.com\/wp-content\/uploads\/2024\/05\/capilar-1.jpg\",\"datePublished\":\"2024-05-13T21:16:21+00:00\",\"dateModified\":\"2024-05-21T14:43:21+00:00\",\"breadcrumb\":{\"@id\":\"https:\/\/www.enfermerademicropigmentacion.com\/capilar\/#breadcrumb\"},\"inLanguage\":\"en-GB\",\"potentialAction\":[{\"@type\":\"ReadAction\",\"target\":[\"https:\/\/www.enfermerademicropigmentacion.com\/capilar\/\"]}]},{\"@type\":\"ImageObject\",\"inLanguage\":\"en-GB\",\"@id\":\"https:\/\/www.enfermerademicropigmentacion.com\/capilar\/#primaryimage\",\"url\":\"https:\/\/www.enfermerademicropigmentacion.com\/wp-content\/uploads\/2024\/05\/capilar-1.jpg\",\"contentUrl\":\"https:\/\/www.enfermerademicropigmentacion.com\/wp-content\/uploads\/2024\/05\/capilar-1.jpg\"},{\"@type\":\"BreadcrumbList\",\"@id\":\"https:\/\/www.enfermerademicropigmentacion.com\/capilar\/#breadcrumb\",\"itemListElement\":[{\"@type\":\"ListItem\",\"position\":1,\"name\":\"Portada\",\"item\":\"https:\/\/www.enfermerademicropigmentacion.com\/\"},{\"@type\":\"ListItem\",\"position\":2,\"name\":\"Capilar\"}]},{\"@type\":\"WebSite\",\"@id\":\"https:\/\/www.enfermerademicropigmentacion.com\/#website\",\"url\":\"https:\/\/www.enfermerademicropigmentacion.com\/\",\"name\":\"Gemma L\u00f3pez | Micropigmentaci\u00f3n Param\u00e9dica en Madrid\",\"description\":\"Micropigmentaci\u00f3n param\u00e9dica en Madrid especializada en areola-pez\u00f3n 3D y camuflaje de cicatrices mamarias. Enfermera experta en reconstrucci\u00f3n mamaria y est\u00e9tica cl\u00ednica.\",\"potentialAction\":[{\"@type\":\"SearchAction\",\"target\":{\"@type\":\"EntryPoint\",\"urlTemplate\":\"https:\/\/www.enfermerademicropigmentacion.com\/?s={search_term_string}\"},\"query-input\":{\"@type\":\"PropertyValueSpecification\",\"valueRequired\":true,\"valueName\":\"search_term_string\"}}],\"inLanguage\":\"en-GB\"}]}<\/script>\n<!-- \/ Yoast SEO plugin. -->","yoast_head_json":{"title":"Capilar - Gemma L\u00f3pez | Micropigmentaci\u00f3n Param\u00e9dica en Madrid","robots":{"index":"index","follow":"follow","max-snippet":"max-snippet:-1","max-image-preview":"max-image-preview:large","max-video-preview":"max-video-preview:-1"},"canonical":"https:\/\/www.enfermerademicropigmentacion.com\/en\/capilar\/","og_locale":"en_GB","og_type":"article","og_title":"Capilar - Gemma L\u00f3pez | Micropigmentaci\u00f3n Param\u00e9dica en Madrid","og_description":"Indicada para aquellos pacientes que sufren alopecia en cualquiera de sus grados y quieren lucir un efecto rapado, o se han sometido a implantes capilares en los que queremos camuflar las cicatrices de la extracci\u00f3n de los fol\u00edculos, o para aquellos que simplemente quieren redensificar la zona visualmente para seguir llevando su corte de pelo. [&hellip;]","og_url":"https:\/\/www.enfermerademicropigmentacion.com\/en\/capilar\/","og_site_name":"Gemma L\u00f3pez | Micropigmentaci\u00f3n Param\u00e9dica en Madrid","article_modified_time":"2024-05-21T14:43:21+00:00","og_image":[{"url":"https:\/\/www.enfermerademicropigmentacion.com\/wp-content\/uploads\/2024\/05\/capilar-1.jpg","type":"","width":"","height":""}],"twitter_card":"summary_large_image","schema":{"@context":"https:\/\/schema.org","@graph":[{"@type":"WebPage","@id":"https:\/\/www.enfermerademicropigmentacion.com\/capilar\/","url":"https:\/\/www.enfermerademicropigmentacion.com\/capilar\/","name":"Capilar - Gemma L\u00f3pez | Micropigmentaci\u00f3n Param\u00e9dica en Madrid","isPartOf":{"@id":"https:\/\/www.enfermerademicropigmentacion.com\/#website"},"primaryImageOfPage":{"@id":"https:\/\/www.enfermerademicropigmentacion.com\/capilar\/#primaryimage"},"image":{"@id":"https:\/\/www.enfermerademicropigmentacion.com\/capilar\/#primaryimage"},"thumbnailUrl":"https:\/\/www.enfermerademicropigmentacion.com\/wp-content\/uploads\/2024\/05\/capilar-1.jpg","datePublished":"2024-05-13T21:16:21+00:00","dateModified":"2024-05-21T14:43:21+00:00","breadcrumb":{"@id":"https:\/\/www.enfermerademicropigmentacion.com\/capilar\/#breadcrumb"},"inLanguage":"en-GB","potentialAction":[{"@type":"ReadAction","target":["https:\/\/www.enfermerademicropigmentacion.com\/capilar\/"]}]},{"@type":"ImageObject","inLanguage":"en-GB","@id":"https:\/\/www.enfermerademicropigmentacion.com\/capilar\/#primaryimage","url":"https:\/\/www.enfermerademicropigmentacion.com\/wp-content\/uploads\/2024\/05\/capilar-1.jpg","contentUrl":"https:\/\/www.enfermerademicropigmentacion.com\/wp-content\/uploads\/2024\/05\/capilar-1.jpg"},{"@type":"BreadcrumbList","@id":"https:\/\/www.enfermerademicropigmentacion.com\/capilar\/#breadcrumb","itemListElement":[{"@type":"ListItem","position":1,"name":"Portada","item":"https:\/\/www.enfermerademicropigmentacion.com\/"},{"@type":"ListItem","position":2,"name":"Capilar"}]},{"@type":"WebSite","@id":"https:\/\/www.enfermerademicropigmentacion.com\/#website","url":"https:\/\/www.enfermerademicropigmentacion.com\/","name":"Gemma L\u00f3pez | Micropigmentaci\u00f3n Param\u00e9dica en Madrid","description":"Micropigmentaci\u00f3n param\u00e9dica en Madrid especializada en areola-pez\u00f3n 3D y camuflaje de cicatrices mamarias. Enfermera experta en reconstrucci\u00f3n mamaria y est\u00e9tica cl\u00ednica.","potentialAction":[{"@type":"SearchAction","target":{"@type":"EntryPoint","urlTemplate":"https:\/\/www.enfermerademicropigmentacion.com\/?s={search_term_string}"},"query-input":{"@type":"PropertyValueSpecification","valueRequired":true,"valueName":"search_term_string"}}],"inLanguage":"en-GB"}]}},"_links":{"self":[{"href":"https:\/\/www.enfermerademicropigmentacion.com\/en\/wp-json\/wp\/v2\/pages\/19","targetHints":{"allow":["GET"]}}],"collection":[{"href":"https:\/\/www.enfermerademicropigmentacion.com\/en\/wp-json\/wp\/v2\/pages"}],"about":[{"href":"https:\/\/www.enfermerademicropigmentacion.com\/en\/wp-json\/wp\/v2\/types\/page"}],"author":[{"embeddable":true,"href":"https:\/\/www.enfermerademicropigmentacion.com\/en\/wp-json\/wp\/v2\/users\/1"}],"replies":[{"embeddable":true,"href":"https:\/\/www.enfermerademicropigmentacion.com\/en\/wp-json\/wp\/v2\/comments?post=19"}],"version-history":[{"count":19,"href":"https:\/\/www.enfermerademicropigmentacion.com\/en\/wp-json\/wp\/v2\/pages\/19\/revisions"}],"predecessor-version":[{"id":566,"href":"https:\/\/www.enfermerademicropigmentacion.com\/en\/wp-json\/wp\/v2\/pages\/19\/revisions\/566"}],"wp:attachment":[{"href":"https:\/\/www.enfermerademicropigmentacion.com\/en\/wp-json\/wp\/v2\/media?parent=19"}],"curies":[{"name":"wp","href":"https:\/\/api.w.org\/{rel}","templated":true}]}}