{"id":15,"date":"2024-05-13T23:15:53","date_gmt":"2024-05-13T21:15:53","guid":{"rendered":"http:\/\/www.enfermerademicropigmentacion.com\/?page_id=15"},"modified":"2025-06-02T15:34:15","modified_gmt":"2025-06-02T13:34:15","slug":"oncologico","status":"publish","type":"page","link":"https:\/\/www.enfermerademicropigmentacion.com\/en\/oncologico\/","title":{"rendered":"Oncological"},"content":{"rendered":"<div data-elementor-type=\"wp-page\" data-elementor-id=\"15\" class=\"elementor elementor-15\" data-elementor-post-type=\"page\">\n\t\t\t\t<div class=\"elementor-element elementor-element-47b4352c e-flex e-con-boxed e-con e-parent\" data-id=\"47b4352c\" data-element_type=\"container\">\n\t\t\t\t\t<div class=\"e-con-inner\">\n\t\t\t\t\t<\/div>\n\t\t\t\t<\/div>\n\t\t<div class=\"elementor-element elementor-element-2ac8e00 e-flex e-con-boxed e-con e-parent\" data-id=\"2ac8e00\" data-element_type=\"container\">\n\t\t\t\t\t<div class=\"e-con-inner\">\n\t\t<div class=\"elementor-element elementor-element-59619e5b e-con-full e-flex e-con e-child\" data-id=\"59619e5b\" data-element_type=\"container\">\n\t\t\t\t<div class=\"elementor-element elementor-element-11d70b93 elementor-widget elementor-widget-text-editor\" data-id=\"11d70b93\" data-element_type=\"widget\" data-widget_type=\"text-editor.default\">\n\t\t\t\t<div class=\"elementor-widget-container\">\n\t\t\t<style>\/*! elementor - v3.21.0 - 20-05-2024 *\/\n.elementor-widget-text-editor.elementor-drop-cap-view-stacked .elementor-drop-cap{background-color:#69727d;color:#fff}.elementor-widget-text-editor.elementor-drop-cap-view-framed .elementor-drop-cap{color:#69727d;border:3px solid;background-color:transparent}.elementor-widget-text-editor:not(.elementor-drop-cap-view-default) .elementor-drop-cap{margin-top:8px}.elementor-widget-text-editor:not(.elementor-drop-cap-view-default) .elementor-drop-cap-letter{width:1em;height:1em}.elementor-widget-text-editor .elementor-drop-cap{float:left;text-align:center;line-height:1;font-size:50px}.elementor-widget-text-editor .elementor-drop-cap-letter{display:inline-block}<\/style>\t\t\t\t<p>With micropigmentation we can recreate the areolas that some women have lost after mastectomy in breast cancer treatment. Sometimes it will only be necessary to do the one on one side and we will make it as similar as possible to the contralateral one and on other occasions we will need to reconstruct both, which does not pose any extra problem.<\/p>\t\t\t\t\t\t<\/div>\n\t\t\t\t<\/div>\n\t\t\t\t<\/div>\n\t\t<div class=\"elementor-element elementor-element-3161dedf e-con-full e-flex e-con e-child\" data-id=\"3161dedf\" data-element_type=\"container\" data-settings=\"{&quot;motion_fx_motion_fx_scrolling&quot;:&quot;yes&quot;,&quot;motion_fx_translateX_effect&quot;:&quot;yes&quot;,&quot;motion_fx_translateX_affectedRange&quot;:{&quot;unit&quot;:&quot;%&quot;,&quot;size&quot;:&quot;&quot;,&quot;sizes&quot;:{&quot;start&quot;:0,&quot;end&quot;:50}},&quot;motion_fx_translateX_speed&quot;:{&quot;unit&quot;:&quot;px&quot;,&quot;size&quot;:4,&quot;sizes&quot;:[]},&quot;motion_fx_devices&quot;:[&quot;desktop&quot;,&quot;laptop&quot;,&quot;tablet&quot;,&quot;mobile&quot;]}\">\n\t\t\t\t<div class=\"elementor-element elementor-element-1ba31433 elementor-widget elementor-widget-image\" data-id=\"1ba31433\" data-element_type=\"widget\" data-widget_type=\"image.default\">\n\t\t\t\t<div class=\"elementor-widget-container\">\n\t\t\t<style>\/*! elementor - v3.21.0 - 20-05-2024 *\/\n.elementor-widget-image{text-align:center}.elementor-widget-image a{display:inline-block}.elementor-widget-image a img[src$=\".svg\"]{width:48px}.elementor-widget-image img{vertical-align:middle;display:inline-block}<\/style>\t\t\t\t\t\t\t\t\t\t<img fetchpriority=\"high\" decoding=\"async\" width=\"600\" height=\"900\" src=\"https:\/\/www.enfermerademicropigmentacion.com\/wp-content\/uploads\/2024\/05\/onco-2.jpg\" class=\"attachment-full size-full wp-image-312\" alt=\"\" srcset=\"https:\/\/www.enfermerademicropigmentacion.com\/wp-content\/uploads\/2024\/05\/onco-2.jpg 600w, https:\/\/www.enfermerademicropigmentacion.com\/wp-content\/uploads\/2024\/05\/onco-2-200x300.jpg 200w\" sizes=\"(max-width: 600px) 100vw, 600px\" \/>\t\t\t\t\t\t\t\t\t\t\t\t\t<\/div>\n\t\t\t\t<\/div>\n\t\t\t\t<div class=\"elementor-element elementor-element-ea95676 elementor-absolute elementor-widget elementor-widget-image\" data-id=\"ea95676\" data-element_type=\"widget\" data-settings=\"{&quot;_position&quot;:&quot;absolute&quot;,&quot;motion_fx_motion_fx_scrolling&quot;:&quot;yes&quot;,&quot;motion_fx_translateX_effect&quot;:&quot;yes&quot;,&quot;motion_fx_translateX_direction&quot;:&quot;negative&quot;,&quot;motion_fx_translateX_affectedRange&quot;:{&quot;unit&quot;:&quot;%&quot;,&quot;size&quot;:&quot;&quot;,&quot;sizes&quot;:{&quot;start&quot;:0,&quot;end&quot;:50}},&quot;motion_fx_rotateZ_effect&quot;:&quot;yes&quot;,&quot;motion_fx_rotateZ_direction&quot;:&quot;negative&quot;,&quot;motion_fx_rotateZ_affectedRange&quot;:{&quot;unit&quot;:&quot;%&quot;,&quot;size&quot;:&quot;&quot;,&quot;sizes&quot;:{&quot;start&quot;:0,&quot;end&quot;:50}},&quot;motion_fx_translateX_speed&quot;:{&quot;unit&quot;:&quot;px&quot;,&quot;size&quot;:4,&quot;sizes&quot;:[]},&quot;motion_fx_rotateZ_speed&quot;:{&quot;unit&quot;:&quot;px&quot;,&quot;size&quot;:1,&quot;sizes&quot;:[]},&quot;motion_fx_devices&quot;:[&quot;desktop&quot;,&quot;laptop&quot;,&quot;tablet&quot;,&quot;mobile&quot;]}\" data-widget_type=\"image.default\">\n\t\t\t\t<div class=\"elementor-widget-container\">\n\t\t\t\t\t\t\t\t\t\t\t\t\t<img decoding=\"async\" width=\"444\" height=\"500\" src=\"https:\/\/www.enfermerademicropigmentacion.com\/wp-content\/uploads\/2024\/05\/pen-micro-2.png\" class=\"attachment-full size-full wp-image-335\" alt=\"\" srcset=\"https:\/\/www.enfermerademicropigmentacion.com\/wp-content\/uploads\/2024\/05\/pen-micro-2.png 444w, https:\/\/www.enfermerademicropigmentacion.com\/wp-content\/uploads\/2024\/05\/pen-micro-2-266x300.png 266w\" sizes=\"(max-width: 444px) 100vw, 444px\" \/>\t\t\t\t\t\t\t\t\t\t\t\t\t<\/div>\n\t\t\t\t<\/div>\n\t\t\t\t<\/div>\n\t\t\t\t\t<\/div>\n\t\t\t\t<\/div>\n\t\t<div class=\"elementor-element elementor-element-46c46ee9 e-flex e-con-boxed e-con e-parent\" data-id=\"46c46ee9\" data-element_type=\"container\">\n\t\t\t\t\t<div class=\"e-con-inner\">\n\t\t<div class=\"elementor-element elementor-element-3e704b39 e-con-full e-flex e-con e-child\" data-id=\"3e704b39\" data-element_type=\"container\">\n\t\t\t\t<div class=\"elementor-element elementor-element-13803d7a elementor-widget elementor-widget-image\" data-id=\"13803d7a\" data-element_type=\"widget\" data-settings=\"{&quot;motion_fx_motion_fx_scrolling&quot;:&quot;yes&quot;,&quot;motion_fx_translateX_effect&quot;:&quot;yes&quot;,&quot;motion_fx_translateX_direction&quot;:&quot;negative&quot;,&quot;motion_fx_translateX_affectedRange&quot;:{&quot;unit&quot;:&quot;%&quot;,&quot;size&quot;:&quot;&quot;,&quot;sizes&quot;:{&quot;start&quot;:0,&quot;end&quot;:50}},&quot;motion_fx_translateX_speed&quot;:{&quot;unit&quot;:&quot;px&quot;,&quot;size&quot;:4,&quot;sizes&quot;:[]},&quot;motion_fx_devices&quot;:[&quot;desktop&quot;,&quot;laptop&quot;,&quot;tablet&quot;,&quot;mobile&quot;]}\" data-widget_type=\"image.default\">\n\t\t\t\t<div class=\"elementor-widget-container\">\n\t\t\t\t\t\t\t\t\t\t\t\t\t<img decoding=\"async\" width=\"600\" height=\"900\" src=\"https:\/\/www.enfermerademicropigmentacion.com\/wp-content\/uploads\/2024\/05\/onco-1.jpg\" class=\"attachment-full size-full wp-image-311\" alt=\"\" srcset=\"https:\/\/www.enfermerademicropigmentacion.com\/wp-content\/uploads\/2024\/05\/onco-1.jpg 600w, https:\/\/www.enfermerademicropigmentacion.com\/wp-content\/uploads\/2024\/05\/onco-1-200x300.jpg 200w\" sizes=\"(max-width: 600px) 100vw, 600px\" \/>\t\t\t\t\t\t\t\t\t\t\t\t\t<\/div>\n\t\t\t\t<\/div>\n\t\t\t\t<div class=\"elementor-element elementor-element-5b11d268 elementor-absolute elementor-widget elementor-widget-image\" data-id=\"5b11d268\" data-element_type=\"widget\" data-settings=\"{&quot;_position&quot;:&quot;absolute&quot;,&quot;motion_fx_motion_fx_scrolling&quot;:&quot;yes&quot;,&quot;motion_fx_translateX_effect&quot;:&quot;yes&quot;,&quot;motion_fx_translateX_affectedRange&quot;:{&quot;unit&quot;:&quot;%&quot;,&quot;size&quot;:&quot;&quot;,&quot;sizes&quot;:{&quot;start&quot;:0,&quot;end&quot;:50}},&quot;motion_fx_translateX_speed&quot;:{&quot;unit&quot;:&quot;px&quot;,&quot;size&quot;:4,&quot;sizes&quot;:[]},&quot;motion_fx_devices&quot;:[&quot;desktop&quot;,&quot;laptop&quot;,&quot;tablet&quot;,&quot;mobile&quot;]}\" data-widget_type=\"image.default\">\n\t\t\t\t<div class=\"elementor-widget-container\">\n\t\t\t\t\t\t\t\t\t\t\t\t\t<img loading=\"lazy\" decoding=\"async\" width=\"500\" height=\"500\" src=\"https:\/\/www.enfermerademicropigmentacion.com\/wp-content\/uploads\/2024\/05\/dots-1.svg\" class=\"attachment-full size-full wp-image-120\" alt=\"\" \/>\t\t\t\t\t\t\t\t\t\t\t\t\t<\/div>\n\t\t\t\t<\/div>\n\t\t\t\t<\/div>\n\t\t<div class=\"elementor-element elementor-element-53ee2f73 e-con-full e-flex e-con e-child\" data-id=\"53ee2f73\" data-element_type=\"container\">\n\t\t\t\t<div class=\"elementor-element elementor-element-7315afe elementor-widget elementor-widget-text-editor\" data-id=\"7315afe\" data-element_type=\"widget\" data-widget_type=\"text-editor.default\">\n\t\t\t\t<div class=\"elementor-widget-container\">\n\t\t\t\t\t\t\t<p>We will make a personalized design in the consultation with the patient, taking into account her measurements, the size of the breast, the color of her skin and whether or not she has had nipple reconstruction done, which is not at all necessary.<\/p>\t\t\t\t\t\t<\/div>\n\t\t\t\t<\/div>\n\t\t\t\t<\/div>\n\t\t\t\t\t<\/div>\n\t\t\t\t<\/div>\n\t\t<div class=\"elementor-element elementor-element-af18948 e-flex e-con-boxed e-con e-parent\" data-id=\"af18948\" data-element_type=\"container\">\n\t\t\t\t\t<div class=\"e-con-inner\">\n\t\t<div class=\"elementor-element elementor-element-e88d922 e-con-full e-flex e-con e-child\" data-id=\"e88d922\" data-element_type=\"container\">\n\t\t\t\t<div class=\"elementor-element elementor-element-b3e68be elementor-widget__width-inherit elementor-widget elementor-widget-elementskit-image-comparison\" data-id=\"b3e68be\" data-element_type=\"widget\" data-widget_type=\"elementskit-image-comparison.default\">\n\t\t\t\t<div class=\"elementor-widget-container\">\n\t\t\t<div class=\"ekit-wid-con\" >\n\t\t<div class=\"elementskit-image-comparison image-comparison-container\" data-offset=\"0.5\" data-overlay=\"true\" data-label_after=\"Despu\u00e9s\" data-label_before=\"Antes\" data-move_slider_on_hover=\"\" data-click_to_move=\"\">\n\t\t\t<img decoding=\"async\" src=\"https:\/\/www.enfermerademicropigmentacion.com\/wp-content\/uploads\/2024\/05\/before-1.jpg\" title=\"before-1\" alt=\"before-1\" loading=\"lazy\" \/><img decoding=\"async\" src=\"https:\/\/www.enfermerademicropigmentacion.com\/wp-content\/uploads\/2024\/05\/after-1.jpg\" title=\"after-1\" alt=\"after-1\" loading=\"lazy\" \/>\t\t<\/div>\n\n\t<\/div>\t\t<\/div>\n\t\t\t\t<\/div>\n\t\t<div class=\"elementor-element elementor-element-f911e74 e-con-full e-flex e-con e-child\" data-id=\"f911e74\" data-element_type=\"container\">\n\t\t\t\t<div class=\"elementor-element elementor-element-23ee72d elementor-widget elementor-widget-heading\" data-id=\"23ee72d\" data-element_type=\"widget\" data-widget_type=\"heading.default\">\n\t\t\t\t<div class=\"elementor-widget-container\">\n\t\t\t<style>\/*! elementor - v3.21.0 - 20-05-2024 *\/\n.elementor-heading-title{padding:0;margin:0;line-height:1}.elementor-widget-heading .elementor-heading-title[class*=elementor-size-]>a{color:inherit;font-size:inherit;line-height:inherit}.elementor-widget-heading .elementor-heading-title.elementor-size-small{font-size:15px}.elementor-widget-heading .elementor-heading-title.elementor-size-medium{font-size:19px}.elementor-widget-heading .elementor-heading-title.elementor-size-large{font-size:29px}.elementor-widget-heading .elementor-heading-title.elementor-size-xl{font-size:39px}.elementor-widget-heading .elementor-heading-title.elementor-size-xxl{font-size:59px}<\/style><h2 class=\"elementor-heading-title elementor-size-default\">Before<\/h2>\t\t<\/div>\n\t\t\t\t<\/div>\n\t\t\t\t<\/div>\n\t\t<div class=\"elementor-element elementor-element-abb866e e-con-full e-flex e-con e-child\" data-id=\"abb866e\" data-element_type=\"container\">\n\t\t\t\t<div class=\"elementor-element elementor-element-4dedf58 elementor-widget elementor-widget-heading\" data-id=\"4dedf58\" data-element_type=\"widget\" data-widget_type=\"heading.default\">\n\t\t\t\t<div class=\"elementor-widget-container\">\n\t\t\t<h2 class=\"elementor-heading-title elementor-size-default\">After<\/h2>\t\t<\/div>\n\t\t\t\t<\/div>\n\t\t\t\t<\/div>\n\t\t\t\t<\/div>\n\t\t<div class=\"elementor-element elementor-element-441ef14 e-con-full e-flex e-con e-child\" data-id=\"441ef14\" data-element_type=\"container\">\n\t\t\t\t<div class=\"elementor-element elementor-element-b5a5637 elementor-widget__width-inherit elementor-widget elementor-widget-elementskit-image-comparison\" data-id=\"b5a5637\" data-element_type=\"widget\" data-widget_type=\"elementskit-image-comparison.default\">\n\t\t\t\t<div class=\"elementor-widget-container\">\n\t\t\t<div class=\"ekit-wid-con\" >\n\t\t<div class=\"elementskit-image-comparison image-comparison-container\" data-offset=\"0.5\" data-overlay=\"true\" data-label_after=\"Despu\u00e9s\" data-label_before=\"Antes\" data-move_slider_on_hover=\"\" data-click_to_move=\"\">\n\t\t\t<img decoding=\"async\" src=\"https:\/\/www.enfermerademicropigmentacion.com\/wp-content\/uploads\/2024\/05\/onco-antes-1.jpg\" title=\"onco-antes-1\" alt=\"onco-antes-1\" loading=\"lazy\" \/><img decoding=\"async\" src=\"https:\/\/www.enfermerademicropigmentacion.com\/wp-content\/uploads\/2024\/05\/onco-despues-1.jpg\" title=\"onco-despues-1\" alt=\"onco-despues-1\" loading=\"lazy\" \/>\t\t<\/div>\n\n\t<\/div>\t\t<\/div>\n\t\t\t\t<\/div>\n\t\t<div class=\"elementor-element elementor-element-112e87c e-con-full e-flex e-con e-child\" data-id=\"112e87c\" data-element_type=\"container\">\n\t\t\t\t<div class=\"elementor-element elementor-element-8f69565 elementor-widget elementor-widget-heading\" data-id=\"8f69565\" data-element_type=\"widget\" data-widget_type=\"heading.default\">\n\t\t\t\t<div class=\"elementor-widget-container\">\n\t\t\t<h2 class=\"elementor-heading-title elementor-size-default\">Before<\/h2>\t\t<\/div>\n\t\t\t\t<\/div>\n\t\t\t\t<\/div>\n\t\t<div class=\"elementor-element elementor-element-be29dc4 e-con-full e-flex e-con e-child\" data-id=\"be29dc4\" data-element_type=\"container\">\n\t\t\t\t<div class=\"elementor-element elementor-element-9e956d5 elementor-widget elementor-widget-heading\" data-id=\"9e956d5\" data-element_type=\"widget\" data-widget_type=\"heading.default\">\n\t\t\t\t<div class=\"elementor-widget-container\">\n\t\t\t<h2 class=\"elementor-heading-title elementor-size-default\">After<\/h2>\t\t<\/div>\n\t\t\t\t<\/div>\n\t\t\t\t<\/div>\n\t\t\t\t<\/div>\n\t\t<div class=\"elementor-element elementor-element-1efea87 e-con-full e-flex e-con e-child\" data-id=\"1efea87\" data-element_type=\"container\">\n\t\t\t\t<div class=\"elementor-element elementor-element-cbe8e29 elementor-widget__width-inherit elementor-widget elementor-widget-elementskit-image-comparison\" data-id=\"cbe8e29\" data-element_type=\"widget\" data-widget_type=\"elementskit-image-comparison.default\">\n\t\t\t\t<div class=\"elementor-widget-container\">\n\t\t\t<div class=\"ekit-wid-con\" >\n\t\t<div class=\"elementskit-image-comparison image-comparison-container\" data-offset=\"0.5\" data-overlay=\"true\" data-label_after=\"Despu\u00e9s\" data-label_before=\"Antes\" data-move_slider_on_hover=\"\" data-click_to_move=\"\">\n\t\t\t<img decoding=\"async\" src=\"https:\/\/www.enfermerademicropigmentacion.com\/wp-content\/uploads\/2024\/05\/onco-antes-2.jpg\" title=\"onco-antes-2\" alt=\"onco-antes-2\" loading=\"lazy\" \/><img decoding=\"async\" src=\"https:\/\/www.enfermerademicropigmentacion.com\/wp-content\/uploads\/2024\/05\/onco-despues-2.jpg\" title=\"onco-despues-2\" alt=\"onco-despues-2\" loading=\"lazy\" \/>\t\t<\/div>\n\n\t<\/div>\t\t<\/div>\n\t\t\t\t<\/div>\n\t\t<div class=\"elementor-element elementor-element-d662c60 e-con-full e-flex e-con e-child\" data-id=\"d662c60\" data-element_type=\"container\">\n\t\t\t\t<div class=\"elementor-element elementor-element-886f2b2 elementor-widget elementor-widget-heading\" data-id=\"886f2b2\" data-element_type=\"widget\" data-widget_type=\"heading.default\">\n\t\t\t\t<div class=\"elementor-widget-container\">\n\t\t\t<h2 class=\"elementor-heading-title elementor-size-default\">Before<\/h2>\t\t<\/div>\n\t\t\t\t<\/div>\n\t\t\t\t<\/div>\n\t\t<div class=\"elementor-element elementor-element-5c69020 e-con-full e-flex e-con e-child\" data-id=\"5c69020\" data-element_type=\"container\">\n\t\t\t\t<div class=\"elementor-element elementor-element-ad012cf elementor-widget elementor-widget-heading\" data-id=\"ad012cf\" data-element_type=\"widget\" data-widget_type=\"heading.default\">\n\t\t\t\t<div class=\"elementor-widget-container\">\n\t\t\t<h2 class=\"elementor-heading-title elementor-size-default\">After<\/h2>\t\t<\/div>\n\t\t\t\t<\/div>\n\t\t\t\t<\/div>\n\t\t\t\t<\/div>\n\t\t\t\t\t<\/div>\n\t\t\t\t<\/div>\n\t\t\t\t<\/div>","protected":false},"excerpt":{"rendered":"<p>Con la micropigmentaci\u00f3n podemos recrear las areolas que algunas mujeres han perdido despu\u00e9s de la mastectom\u00eda en el tratamiento del c\u00e1ncer de mama. Unas veces solo har\u00e1 falta hacer la de un lado y la haremos lo m\u00e1s parecida posible a la contralateral y en otras ocasiones necesitaremos reconstruir las dos, lo que no supone [&hellip;]<\/p>","protected":false},"author":1,"featured_media":0,"parent":0,"menu_order":0,"comment_status":"closed","ping_status":"closed","template":"","meta":{"footnotes":""},"class_list":["post-15","page","type-page","status-publish","hentry"],"yoast_head":"<!-- This site is optimized with the Yoast SEO plugin v25.2 - https:\/\/yoast.com\/wordpress\/plugins\/seo\/ -->\n<title>Micropigmentaci\u00f3n oncol\u00f3gica en Madrid<\/title>\n<meta name=\"robots\" content=\"index, follow, max-snippet:-1, max-image-preview:large, max-video-preview:-1\" \/>\n<link rel=\"canonical\" href=\"https:\/\/www.enfermerademicropigmentacion.com\/en\/oncologico\/\" \/>\n<meta property=\"og:locale\" content=\"en_GB\" \/>\n<meta property=\"og:type\" content=\"article\" \/>\n<meta property=\"og:title\" content=\"Micropigmentaci\u00f3n oncol\u00f3gica en Madrid\" \/>\n<meta property=\"og:description\" content=\"Con la micropigmentaci\u00f3n podemos recrear las areolas que algunas mujeres han perdido despu\u00e9s de la mastectom\u00eda en el tratamiento del c\u00e1ncer de mama. Unas veces solo har\u00e1 falta hacer la de un lado y la haremos lo m\u00e1s parecida posible a la contralateral y en otras ocasiones necesitaremos reconstruir las dos, lo que no supone [&hellip;]\" \/>\n<meta property=\"og:url\" content=\"https:\/\/www.enfermerademicropigmentacion.com\/en\/oncologico\/\" \/>\n<meta property=\"og:site_name\" content=\"Gemma L\u00f3pez | Micropigmentaci\u00f3n Param\u00e9dica en Madrid\" \/>\n<meta property=\"article:modified_time\" content=\"2025-06-02T13:34:15+00:00\" \/>\n<meta property=\"og:image\" content=\"https:\/\/www.enfermerademicropigmentacion.com\/wp-content\/uploads\/2024\/05\/onco-2.jpg\" \/>\n<meta name=\"twitter:card\" content=\"summary_large_image\" \/>\n<meta name=\"twitter:label1\" content=\"Estimated reading time\" \/>\n\t<meta name=\"twitter:data1\" content=\"3 minutes\" \/>\n<script type=\"application\/ld+json\" class=\"yoast-schema-graph\">{\"@context\":\"https:\/\/schema.org\",\"@graph\":[{\"@type\":\"WebPage\",\"@id\":\"https:\/\/www.enfermerademicropigmentacion.com\/oncologico\/\",\"url\":\"https:\/\/www.enfermerademicropigmentacion.com\/oncologico\/\",\"name\":\"Micropigmentaci\u00f3n oncol\u00f3gica en Madrid\",\"isPartOf\":{\"@id\":\"https:\/\/www.enfermerademicropigmentacion.com\/#website\"},\"primaryImageOfPage\":{\"@id\":\"https:\/\/www.enfermerademicropigmentacion.com\/oncologico\/#primaryimage\"},\"image\":{\"@id\":\"https:\/\/www.enfermerademicropigmentacion.com\/oncologico\/#primaryimage\"},\"thumbnailUrl\":\"https:\/\/www.enfermerademicropigmentacion.com\/wp-content\/uploads\/2024\/05\/onco-2.jpg\",\"datePublished\":\"2024-05-13T21:15:53+00:00\",\"dateModified\":\"2025-06-02T13:34:15+00:00\",\"breadcrumb\":{\"@id\":\"https:\/\/www.enfermerademicropigmentacion.com\/oncologico\/#breadcrumb\"},\"inLanguage\":\"en-GB\",\"potentialAction\":[{\"@type\":\"ReadAction\",\"target\":[\"https:\/\/www.enfermerademicropigmentacion.com\/oncologico\/\"]}]},{\"@type\":\"ImageObject\",\"inLanguage\":\"en-GB\",\"@id\":\"https:\/\/www.enfermerademicropigmentacion.com\/oncologico\/#primaryimage\",\"url\":\"https:\/\/www.enfermerademicropigmentacion.com\/wp-content\/uploads\/2024\/05\/onco-2.jpg\",\"contentUrl\":\"https:\/\/www.enfermerademicropigmentacion.com\/wp-content\/uploads\/2024\/05\/onco-2.jpg\"},{\"@type\":\"BreadcrumbList\",\"@id\":\"https:\/\/www.enfermerademicropigmentacion.com\/oncologico\/#breadcrumb\",\"itemListElement\":[{\"@type\":\"ListItem\",\"position\":1,\"name\":\"Portada\",\"item\":\"https:\/\/www.enfermerademicropigmentacion.com\/\"},{\"@type\":\"ListItem\",\"position\":2,\"name\":\"Oncol\u00f3gico\"}]},{\"@type\":\"WebSite\",\"@id\":\"https:\/\/www.enfermerademicropigmentacion.com\/#website\",\"url\":\"https:\/\/www.enfermerademicropigmentacion.com\/\",\"name\":\"Gemma L\u00f3pez | Micropigmentaci\u00f3n Param\u00e9dica en Madrid\",\"description\":\"Micropigmentaci\u00f3n param\u00e9dica en Madrid especializada en areola-pez\u00f3n 3D y camuflaje de cicatrices mamarias. Enfermera experta en reconstrucci\u00f3n mamaria y est\u00e9tica cl\u00ednica.\",\"potentialAction\":[{\"@type\":\"SearchAction\",\"target\":{\"@type\":\"EntryPoint\",\"urlTemplate\":\"https:\/\/www.enfermerademicropigmentacion.com\/?s={search_term_string}\"},\"query-input\":{\"@type\":\"PropertyValueSpecification\",\"valueRequired\":true,\"valueName\":\"search_term_string\"}}],\"inLanguage\":\"en-GB\"}]}<\/script>\n<!-- \/ Yoast SEO plugin. -->","yoast_head_json":{"title":"Micropigmentaci\u00f3n oncol\u00f3gica en Madrid","robots":{"index":"index","follow":"follow","max-snippet":"max-snippet:-1","max-image-preview":"max-image-preview:large","max-video-preview":"max-video-preview:-1"},"canonical":"https:\/\/www.enfermerademicropigmentacion.com\/en\/oncologico\/","og_locale":"en_GB","og_type":"article","og_title":"Micropigmentaci\u00f3n oncol\u00f3gica en Madrid","og_description":"Con la micropigmentaci\u00f3n podemos recrear las areolas que algunas mujeres han perdido despu\u00e9s de la mastectom\u00eda en el tratamiento del c\u00e1ncer de mama. Unas veces solo har\u00e1 falta hacer la de un lado y la haremos lo m\u00e1s parecida posible a la contralateral y en otras ocasiones necesitaremos reconstruir las dos, lo que no supone [&hellip;]","og_url":"https:\/\/www.enfermerademicropigmentacion.com\/en\/oncologico\/","og_site_name":"Gemma L\u00f3pez | Micropigmentaci\u00f3n Param\u00e9dica en Madrid","article_modified_time":"2025-06-02T13:34:15+00:00","og_image":[{"url":"https:\/\/www.enfermerademicropigmentacion.com\/wp-content\/uploads\/2024\/05\/onco-2.jpg","type":"","width":"","height":""}],"twitter_card":"summary_large_image","twitter_misc":{"Estimated reading time":"3 minutes"},"schema":{"@context":"https:\/\/schema.org","@graph":[{"@type":"WebPage","@id":"https:\/\/www.enfermerademicropigmentacion.com\/oncologico\/","url":"https:\/\/www.enfermerademicropigmentacion.com\/oncologico\/","name":"Micropigmentaci\u00f3n oncol\u00f3gica en Madrid","isPartOf":{"@id":"https:\/\/www.enfermerademicropigmentacion.com\/#website"},"primaryImageOfPage":{"@id":"https:\/\/www.enfermerademicropigmentacion.com\/oncologico\/#primaryimage"},"image":{"@id":"https:\/\/www.enfermerademicropigmentacion.com\/oncologico\/#primaryimage"},"thumbnailUrl":"https:\/\/www.enfermerademicropigmentacion.com\/wp-content\/uploads\/2024\/05\/onco-2.jpg","datePublished":"2024-05-13T21:15:53+00:00","dateModified":"2025-06-02T13:34:15+00:00","breadcrumb":{"@id":"https:\/\/www.enfermerademicropigmentacion.com\/oncologico\/#breadcrumb"},"inLanguage":"en-GB","potentialAction":[{"@type":"ReadAction","target":["https:\/\/www.enfermerademicropigmentacion.com\/oncologico\/"]}]},{"@type":"ImageObject","inLanguage":"en-GB","@id":"https:\/\/www.enfermerademicropigmentacion.com\/oncologico\/#primaryimage","url":"https:\/\/www.enfermerademicropigmentacion.com\/wp-content\/uploads\/2024\/05\/onco-2.jpg","contentUrl":"https:\/\/www.enfermerademicropigmentacion.com\/wp-content\/uploads\/2024\/05\/onco-2.jpg"},{"@type":"BreadcrumbList","@id":"https:\/\/www.enfermerademicropigmentacion.com\/oncologico\/#breadcrumb","itemListElement":[{"@type":"ListItem","position":1,"name":"Portada","item":"https:\/\/www.enfermerademicropigmentacion.com\/"},{"@type":"ListItem","position":2,"name":"Oncol\u00f3gico"}]},{"@type":"WebSite","@id":"https:\/\/www.enfermerademicropigmentacion.com\/#website","url":"https:\/\/www.enfermerademicropigmentacion.com\/","name":"Gemma L\u00f3pez | Micropigmentaci\u00f3n Param\u00e9dica en Madrid","description":"Micropigmentaci\u00f3n param\u00e9dica en Madrid especializada en areola-pez\u00f3n 3D y camuflaje de cicatrices mamarias. Enfermera experta en reconstrucci\u00f3n mamaria y est\u00e9tica cl\u00ednica.","potentialAction":[{"@type":"SearchAction","target":{"@type":"EntryPoint","urlTemplate":"https:\/\/www.enfermerademicropigmentacion.com\/?s={search_term_string}"},"query-input":{"@type":"PropertyValueSpecification","valueRequired":true,"valueName":"search_term_string"}}],"inLanguage":"en-GB"}]}},"_links":{"self":[{"href":"https:\/\/www.enfermerademicropigmentacion.com\/en\/wp-json\/wp\/v2\/pages\/15","targetHints":{"allow":["GET"]}}],"collection":[{"href":"https:\/\/www.enfermerademicropigmentacion.com\/en\/wp-json\/wp\/v2\/pages"}],"about":[{"href":"https:\/\/www.enfermerademicropigmentacion.com\/en\/wp-json\/wp\/v2\/types\/page"}],"author":[{"embeddable":true,"href":"https:\/\/www.enfermerademicropigmentacion.com\/en\/wp-json\/wp\/v2\/users\/1"}],"replies":[{"embeddable":true,"href":"https:\/\/www.enfermerademicropigmentacion.com\/en\/wp-json\/wp\/v2\/comments?post=15"}],"version-history":[{"count":31,"href":"https:\/\/www.enfermerademicropigmentacion.com\/en\/wp-json\/wp\/v2\/pages\/15\/revisions"}],"predecessor-version":[{"id":574,"href":"https:\/\/www.enfermerademicropigmentacion.com\/en\/wp-json\/wp\/v2\/pages\/15\/revisions\/574"}],"wp:attachment":[{"href":"https:\/\/www.enfermerademicropigmentacion.com\/en\/wp-json\/wp\/v2\/media?parent=15"}],"curies":[{"name":"wp","href":"https:\/\/api.w.org\/{rel}","templated":true}]}}