{"id":13,"date":"2024-05-13T23:15:30","date_gmt":"2024-05-13T21:15:30","guid":{"rendered":"http:\/\/www.enfermerademicropigmentacion.com\/?page_id=13"},"modified":"2024-05-21T21:18:31","modified_gmt":"2024-05-21T19:18:31","slug":"la-micropigmentacion","status":"publish","type":"page","link":"https:\/\/www.enfermerademicropigmentacion.com\/en\/la-micropigmentacion\/","title":{"rendered":"Micropigmentation"},"content":{"rendered":"<div data-elementor-type=\"wp-page\" data-elementor-id=\"13\" class=\"elementor elementor-13\" data-elementor-post-type=\"page\">\n\t\t\t\t<div class=\"elementor-element elementor-element-483fc1cd e-flex e-con-boxed e-con e-parent\" data-id=\"483fc1cd\" data-element_type=\"container\">\n\t\t\t\t\t<div class=\"e-con-inner\">\n\t\t\t\t\t<\/div>\n\t\t\t\t<\/div>\n\t\t<div class=\"elementor-element elementor-element-48c1edf7 e-flex e-con-boxed e-con e-parent\" data-id=\"48c1edf7\" data-element_type=\"container\">\n\t\t\t\t\t<div class=\"e-con-inner\">\n\t\t<div class=\"elementor-element elementor-element-3f0bcd39 e-con-full e-flex e-con e-child\" data-id=\"3f0bcd39\" data-element_type=\"container\">\n\t\t\t\t<div class=\"elementor-element elementor-element-4512bf16 elementor-widget elementor-widget-text-editor\" data-id=\"4512bf16\" data-element_type=\"widget\" data-widget_type=\"text-editor.default\">\n\t\t\t\t<div class=\"elementor-widget-container\">\n\t\t\t<style>\/*! elementor - v3.21.0 - 20-05-2024 *\/\n.elementor-widget-text-editor.elementor-drop-cap-view-stacked .elementor-drop-cap{background-color:#69727d;color:#fff}.elementor-widget-text-editor.elementor-drop-cap-view-framed .elementor-drop-cap{color:#69727d;border:3px solid;background-color:transparent}.elementor-widget-text-editor:not(.elementor-drop-cap-view-default) .elementor-drop-cap{margin-top:8px}.elementor-widget-text-editor:not(.elementor-drop-cap-view-default) .elementor-drop-cap-letter{width:1em;height:1em}.elementor-widget-text-editor .elementor-drop-cap{float:left;text-align:center;line-height:1;font-size:50px}.elementor-widget-text-editor .elementor-drop-cap-letter{display:inline-block}<\/style>\t\t\t\t<p>Micropigmentation is a technique that consists of the implantation of pigments in the skin at the hypoepidermal level to give color and shape to the areas of the skin that we want, which can be areolas, scars, lips, eyebrows, scalp, etc... Introduction is done with a device to which sterile single-use microneedles are adapted.<\/p>\t\t\t\t\t\t<\/div>\n\t\t\t\t<\/div>\n\t\t\t\t<\/div>\n\t\t<div class=\"elementor-element elementor-element-4a319322 e-con-full e-flex e-con e-child\" data-id=\"4a319322\" data-element_type=\"container\" data-settings=\"{&quot;motion_fx_motion_fx_scrolling&quot;:&quot;yes&quot;,&quot;motion_fx_translateX_effect&quot;:&quot;yes&quot;,&quot;motion_fx_translateX_affectedRange&quot;:{&quot;unit&quot;:&quot;%&quot;,&quot;size&quot;:&quot;&quot;,&quot;sizes&quot;:{&quot;start&quot;:0,&quot;end&quot;:50}},&quot;motion_fx_translateX_speed&quot;:{&quot;unit&quot;:&quot;px&quot;,&quot;size&quot;:4,&quot;sizes&quot;:[]},&quot;motion_fx_devices&quot;:[&quot;desktop&quot;,&quot;laptop&quot;,&quot;tablet&quot;,&quot;mobile&quot;]}\">\n\t\t\t\t<div class=\"elementor-element elementor-element-19d8e3eb elementor-widget elementor-widget-image\" data-id=\"19d8e3eb\" data-element_type=\"widget\" data-widget_type=\"image.default\">\n\t\t\t\t<div class=\"elementor-widget-container\">\n\t\t\t<style>\/*! elementor - v3.21.0 - 20-05-2024 *\/\n.elementor-widget-image{text-align:center}.elementor-widget-image a{display:inline-block}.elementor-widget-image a img[src$=\".svg\"]{width:48px}.elementor-widget-image img{vertical-align:middle;display:inline-block}<\/style>\t\t\t\t\t\t\t\t\t\t<img fetchpriority=\"high\" decoding=\"async\" width=\"620\" height=\"429\" src=\"https:\/\/www.enfermerademicropigmentacion.com\/wp-content\/uploads\/2024\/05\/para-seccion-micropigmentacion.jpg\" class=\"attachment-full size-full wp-image-631\" alt=\"\" srcset=\"https:\/\/www.enfermerademicropigmentacion.com\/wp-content\/uploads\/2024\/05\/para-seccion-micropigmentacion.jpg 620w, https:\/\/www.enfermerademicropigmentacion.com\/wp-content\/uploads\/2024\/05\/para-seccion-micropigmentacion-300x208.jpg 300w, https:\/\/www.enfermerademicropigmentacion.com\/wp-content\/uploads\/2024\/05\/para-seccion-micropigmentacion-18x12.jpg 18w\" sizes=\"(max-width: 620px) 100vw, 620px\" \/>\t\t\t\t\t\t\t\t\t\t\t\t\t<\/div>\n\t\t\t\t<\/div>\n\t\t\t\t<\/div>\n\t\t\t\t\t<\/div>\n\t\t\t\t<\/div>\n\t\t<div class=\"elementor-element elementor-element-4e44c324 e-flex e-con-boxed e-con e-parent\" data-id=\"4e44c324\" data-element_type=\"container\">\n\t\t\t\t\t<div class=\"e-con-inner\">\n\t\t<div class=\"elementor-element elementor-element-6242fc07 e-con-full e-flex e-con e-child\" data-id=\"6242fc07\" data-element_type=\"container\" data-settings=\"{&quot;motion_fx_translateX_affectedRange&quot;:{&quot;unit&quot;:&quot;%&quot;,&quot;size&quot;:&quot;&quot;,&quot;sizes&quot;:{&quot;start&quot;:0,&quot;end&quot;:50}},&quot;motion_fx_motion_fx_scrolling&quot;:&quot;yes&quot;,&quot;motion_fx_translateX_effect&quot;:&quot;yes&quot;,&quot;motion_fx_translateX_direction&quot;:&quot;negative&quot;,&quot;motion_fx_translateX_speed&quot;:{&quot;unit&quot;:&quot;px&quot;,&quot;size&quot;:4,&quot;sizes&quot;:[]},&quot;motion_fx_devices&quot;:[&quot;desktop&quot;,&quot;laptop&quot;,&quot;tablet&quot;,&quot;mobile&quot;]}\">\n\t\t\t\t<div class=\"elementor-element elementor-element-301f3d6 elementor-absolute elementor-widget elementor-widget-image\" data-id=\"301f3d6\" data-element_type=\"widget\" data-settings=\"{&quot;_position&quot;:&quot;absolute&quot;,&quot;motion_fx_motion_fx_scrolling&quot;:&quot;yes&quot;,&quot;motion_fx_translateX_effect&quot;:&quot;yes&quot;,&quot;motion_fx_translateX_affectedRange&quot;:{&quot;unit&quot;:&quot;%&quot;,&quot;size&quot;:&quot;&quot;,&quot;sizes&quot;:{&quot;start&quot;:0,&quot;end&quot;:50}},&quot;motion_fx_translateX_speed&quot;:{&quot;unit&quot;:&quot;px&quot;,&quot;size&quot;:4,&quot;sizes&quot;:[]},&quot;motion_fx_devices&quot;:[&quot;desktop&quot;,&quot;laptop&quot;,&quot;tablet&quot;,&quot;mobile&quot;]}\" data-widget_type=\"image.default\">\n\t\t\t\t<div class=\"elementor-widget-container\">\n\t\t\t\t\t\t\t\t\t\t\t\t\t<img decoding=\"async\" width=\"500\" height=\"500\" src=\"https:\/\/www.enfermerademicropigmentacion.com\/wp-content\/uploads\/2024\/05\/dots-1.svg\" class=\"attachment-full size-full wp-image-120\" alt=\"\" \/>\t\t\t\t\t\t\t\t\t\t\t\t\t<\/div>\n\t\t\t\t<\/div>\n\t\t\t\t<div class=\"elementor-element elementor-element-22d0624 elementor-widget elementor-widget-image\" data-id=\"22d0624\" data-element_type=\"widget\" data-widget_type=\"image.default\">\n\t\t\t\t<div class=\"elementor-widget-container\">\n\t\t\t\t\t\t\t\t\t\t\t\t\t<img decoding=\"async\" width=\"1920\" height=\"1080\" src=\"https:\/\/www.enfermerademicropigmentacion.com\/wp-content\/uploads\/2024\/05\/cover-sobre-mi.jpg\" class=\"attachment-full size-full wp-image-248\" alt=\"\" srcset=\"https:\/\/www.enfermerademicropigmentacion.com\/wp-content\/uploads\/2024\/05\/cover-sobre-mi.jpg 1920w, https:\/\/www.enfermerademicropigmentacion.com\/wp-content\/uploads\/2024\/05\/cover-sobre-mi-300x169.jpg 300w, https:\/\/www.enfermerademicropigmentacion.com\/wp-content\/uploads\/2024\/05\/cover-sobre-mi-1024x576.jpg 1024w, https:\/\/www.enfermerademicropigmentacion.com\/wp-content\/uploads\/2024\/05\/cover-sobre-mi-768x432.jpg 768w, https:\/\/www.enfermerademicropigmentacion.com\/wp-content\/uploads\/2024\/05\/cover-sobre-mi-1536x864.jpg 1536w\" sizes=\"(max-width: 1920px) 100vw, 1920px\" \/>\t\t\t\t\t\t\t\t\t\t\t\t\t<\/div>\n\t\t\t\t<\/div>\n\t\t\t\t<\/div>\n\t\t<div class=\"elementor-element elementor-element-5f34f3df e-con-full e-flex e-con e-child\" data-id=\"5f34f3df\" data-element_type=\"container\">\n\t\t\t\t<div class=\"elementor-element elementor-element-107eeffd elementor-widget elementor-widget-text-editor\" data-id=\"107eeffd\" data-element_type=\"widget\" data-widget_type=\"text-editor.default\">\n\t\t\t\t<div class=\"elementor-widget-container\">\n\t\t\t\t\t\t\t<p>Originally it is still a permanent makeup technique, born as an evolution of eternal tattoos. If tattooing dates back to between 2 and 4 thousand years BC, aesthetic micropigmentation as we know it today was born in France in the 80s to give ladies an option to conventional makeup.<\/p><p>En Espa\u00f1a la micropigmentaci\u00f3n ha evolucionado desde principio de la d\u00e9cada de los 90 hasta convertirse en una pr\u00e1ctica extendida, segura y profesional.<\/p>\t\t\t\t\t\t<\/div>\n\t\t\t\t<\/div>\n\t\t\t\t<\/div>\n\t\t\t\t\t<\/div>\n\t\t\t\t<\/div>\n\t\t\t\t<\/div>","protected":false},"excerpt":{"rendered":"<p>La micropigmentaci\u00f3n es una t\u00e9cnica que consiste en la implantaci\u00f3n de unos pigmentos en la piel a nivel hipoepid\u00e9rmico para dar color y forma a las zonas de la piel que deseemos, que pueden ser areolas, cicatrices, labios, cejas, cuero cabelludo, etc&#8230; La introducci\u00f3n se hace con un dispositivo al que se le adaptan unas [&hellip;]<\/p>","protected":false},"author":1,"featured_media":0,"parent":0,"menu_order":0,"comment_status":"closed","ping_status":"closed","template":"","meta":{"footnotes":""},"class_list":["post-13","page","type-page","status-publish","hentry"],"yoast_head":"<!-- This site is optimized with the Yoast SEO plugin v25.2 - https:\/\/yoast.com\/wordpress\/plugins\/seo\/ -->\n<title>La Micropigmentaci\u00f3n - Gemma L\u00f3pez | Micropigmentaci\u00f3n Param\u00e9dica en Madrid<\/title>\n<meta name=\"robots\" content=\"index, follow, max-snippet:-1, max-image-preview:large, max-video-preview:-1\" \/>\n<link rel=\"canonical\" href=\"https:\/\/www.enfermerademicropigmentacion.com\/en\/la-micropigmentacion\/\" \/>\n<meta property=\"og:locale\" content=\"en_GB\" \/>\n<meta property=\"og:type\" content=\"article\" \/>\n<meta property=\"og:title\" content=\"La Micropigmentaci\u00f3n - Gemma L\u00f3pez | Micropigmentaci\u00f3n Param\u00e9dica en Madrid\" \/>\n<meta property=\"og:description\" content=\"La micropigmentaci\u00f3n es una t\u00e9cnica que consiste en la implantaci\u00f3n de unos pigmentos en la piel a nivel hipoepid\u00e9rmico para dar color y forma a las zonas de la piel que deseemos, que pueden ser areolas, cicatrices, labios, cejas, cuero cabelludo, etc&#8230; La introducci\u00f3n se hace con un dispositivo al que se le adaptan unas [&hellip;]\" \/>\n<meta property=\"og:url\" content=\"https:\/\/www.enfermerademicropigmentacion.com\/en\/la-micropigmentacion\/\" \/>\n<meta property=\"og:site_name\" content=\"Gemma L\u00f3pez | Micropigmentaci\u00f3n Param\u00e9dica en Madrid\" \/>\n<meta property=\"article:modified_time\" content=\"2024-05-21T19:18:31+00:00\" \/>\n<meta property=\"og:image\" content=\"https:\/\/www.enfermerademicropigmentacion.com\/wp-content\/uploads\/2024\/05\/para-seccion-micropigmentacion.jpg\" \/>\n<meta name=\"twitter:card\" content=\"summary_large_image\" \/>\n<meta name=\"twitter:label1\" content=\"Estimated reading time\" \/>\n\t<meta name=\"twitter:data1\" content=\"1 minute\" \/>\n<script type=\"application\/ld+json\" class=\"yoast-schema-graph\">{\"@context\":\"https:\/\/schema.org\",\"@graph\":[{\"@type\":\"WebPage\",\"@id\":\"https:\/\/www.enfermerademicropigmentacion.com\/la-micropigmentacion\/\",\"url\":\"https:\/\/www.enfermerademicropigmentacion.com\/la-micropigmentacion\/\",\"name\":\"La Micropigmentaci\u00f3n - Gemma L\u00f3pez | Micropigmentaci\u00f3n Param\u00e9dica en Madrid\",\"isPartOf\":{\"@id\":\"https:\/\/www.enfermerademicropigmentacion.com\/#website\"},\"primaryImageOfPage\":{\"@id\":\"https:\/\/www.enfermerademicropigmentacion.com\/la-micropigmentacion\/#primaryimage\"},\"image\":{\"@id\":\"https:\/\/www.enfermerademicropigmentacion.com\/la-micropigmentacion\/#primaryimage\"},\"thumbnailUrl\":\"https:\/\/www.enfermerademicropigmentacion.com\/wp-content\/uploads\/2024\/05\/para-seccion-micropigmentacion.jpg\",\"datePublished\":\"2024-05-13T21:15:30+00:00\",\"dateModified\":\"2024-05-21T19:18:31+00:00\",\"breadcrumb\":{\"@id\":\"https:\/\/www.enfermerademicropigmentacion.com\/la-micropigmentacion\/#breadcrumb\"},\"inLanguage\":\"en-GB\",\"potentialAction\":[{\"@type\":\"ReadAction\",\"target\":[\"https:\/\/www.enfermerademicropigmentacion.com\/la-micropigmentacion\/\"]}]},{\"@type\":\"ImageObject\",\"inLanguage\":\"en-GB\",\"@id\":\"https:\/\/www.enfermerademicropigmentacion.com\/la-micropigmentacion\/#primaryimage\",\"url\":\"https:\/\/www.enfermerademicropigmentacion.com\/wp-content\/uploads\/2024\/05\/para-seccion-micropigmentacion.jpg\",\"contentUrl\":\"https:\/\/www.enfermerademicropigmentacion.com\/wp-content\/uploads\/2024\/05\/para-seccion-micropigmentacion.jpg\"},{\"@type\":\"BreadcrumbList\",\"@id\":\"https:\/\/www.enfermerademicropigmentacion.com\/la-micropigmentacion\/#breadcrumb\",\"itemListElement\":[{\"@type\":\"ListItem\",\"position\":1,\"name\":\"Portada\",\"item\":\"https:\/\/www.enfermerademicropigmentacion.com\/\"},{\"@type\":\"ListItem\",\"position\":2,\"name\":\"La Micropigmentaci\u00f3n\"}]},{\"@type\":\"WebSite\",\"@id\":\"https:\/\/www.enfermerademicropigmentacion.com\/#website\",\"url\":\"https:\/\/www.enfermerademicropigmentacion.com\/\",\"name\":\"Gemma L\u00f3pez | Micropigmentaci\u00f3n Param\u00e9dica en Madrid\",\"description\":\"Micropigmentaci\u00f3n param\u00e9dica en Madrid especializada en areola-pez\u00f3n 3D y camuflaje de cicatrices mamarias. Enfermera experta en reconstrucci\u00f3n mamaria y est\u00e9tica cl\u00ednica.\",\"potentialAction\":[{\"@type\":\"SearchAction\",\"target\":{\"@type\":\"EntryPoint\",\"urlTemplate\":\"https:\/\/www.enfermerademicropigmentacion.com\/?s={search_term_string}\"},\"query-input\":{\"@type\":\"PropertyValueSpecification\",\"valueRequired\":true,\"valueName\":\"search_term_string\"}}],\"inLanguage\":\"en-GB\"}]}<\/script>\n<!-- \/ Yoast SEO plugin. -->","yoast_head_json":{"title":"La Micropigmentaci\u00f3n - Gemma L\u00f3pez | Micropigmentaci\u00f3n Param\u00e9dica en Madrid","robots":{"index":"index","follow":"follow","max-snippet":"max-snippet:-1","max-image-preview":"max-image-preview:large","max-video-preview":"max-video-preview:-1"},"canonical":"https:\/\/www.enfermerademicropigmentacion.com\/en\/la-micropigmentacion\/","og_locale":"en_GB","og_type":"article","og_title":"La Micropigmentaci\u00f3n - Gemma L\u00f3pez | Micropigmentaci\u00f3n Param\u00e9dica en Madrid","og_description":"La micropigmentaci\u00f3n es una t\u00e9cnica que consiste en la implantaci\u00f3n de unos pigmentos en la piel a nivel hipoepid\u00e9rmico para dar color y forma a las zonas de la piel que deseemos, que pueden ser areolas, cicatrices, labios, cejas, cuero cabelludo, etc&#8230; La introducci\u00f3n se hace con un dispositivo al que se le adaptan unas [&hellip;]","og_url":"https:\/\/www.enfermerademicropigmentacion.com\/en\/la-micropigmentacion\/","og_site_name":"Gemma L\u00f3pez | Micropigmentaci\u00f3n Param\u00e9dica en Madrid","article_modified_time":"2024-05-21T19:18:31+00:00","og_image":[{"url":"https:\/\/www.enfermerademicropigmentacion.com\/wp-content\/uploads\/2024\/05\/para-seccion-micropigmentacion.jpg","type":"","width":"","height":""}],"twitter_card":"summary_large_image","twitter_misc":{"Estimated reading time":"1 minute"},"schema":{"@context":"https:\/\/schema.org","@graph":[{"@type":"WebPage","@id":"https:\/\/www.enfermerademicropigmentacion.com\/la-micropigmentacion\/","url":"https:\/\/www.enfermerademicropigmentacion.com\/la-micropigmentacion\/","name":"La Micropigmentaci\u00f3n - Gemma L\u00f3pez | Micropigmentaci\u00f3n Param\u00e9dica en Madrid","isPartOf":{"@id":"https:\/\/www.enfermerademicropigmentacion.com\/#website"},"primaryImageOfPage":{"@id":"https:\/\/www.enfermerademicropigmentacion.com\/la-micropigmentacion\/#primaryimage"},"image":{"@id":"https:\/\/www.enfermerademicropigmentacion.com\/la-micropigmentacion\/#primaryimage"},"thumbnailUrl":"https:\/\/www.enfermerademicropigmentacion.com\/wp-content\/uploads\/2024\/05\/para-seccion-micropigmentacion.jpg","datePublished":"2024-05-13T21:15:30+00:00","dateModified":"2024-05-21T19:18:31+00:00","breadcrumb":{"@id":"https:\/\/www.enfermerademicropigmentacion.com\/la-micropigmentacion\/#breadcrumb"},"inLanguage":"en-GB","potentialAction":[{"@type":"ReadAction","target":["https:\/\/www.enfermerademicropigmentacion.com\/la-micropigmentacion\/"]}]},{"@type":"ImageObject","inLanguage":"en-GB","@id":"https:\/\/www.enfermerademicropigmentacion.com\/la-micropigmentacion\/#primaryimage","url":"https:\/\/www.enfermerademicropigmentacion.com\/wp-content\/uploads\/2024\/05\/para-seccion-micropigmentacion.jpg","contentUrl":"https:\/\/www.enfermerademicropigmentacion.com\/wp-content\/uploads\/2024\/05\/para-seccion-micropigmentacion.jpg"},{"@type":"BreadcrumbList","@id":"https:\/\/www.enfermerademicropigmentacion.com\/la-micropigmentacion\/#breadcrumb","itemListElement":[{"@type":"ListItem","position":1,"name":"Portada","item":"https:\/\/www.enfermerademicropigmentacion.com\/"},{"@type":"ListItem","position":2,"name":"La Micropigmentaci\u00f3n"}]},{"@type":"WebSite","@id":"https:\/\/www.enfermerademicropigmentacion.com\/#website","url":"https:\/\/www.enfermerademicropigmentacion.com\/","name":"Gemma L\u00f3pez | Micropigmentaci\u00f3n Param\u00e9dica en Madrid","description":"Micropigmentaci\u00f3n param\u00e9dica en Madrid especializada en areola-pez\u00f3n 3D y camuflaje de cicatrices mamarias. Enfermera experta en reconstrucci\u00f3n mamaria y est\u00e9tica cl\u00ednica.","potentialAction":[{"@type":"SearchAction","target":{"@type":"EntryPoint","urlTemplate":"https:\/\/www.enfermerademicropigmentacion.com\/?s={search_term_string}"},"query-input":{"@type":"PropertyValueSpecification","valueRequired":true,"valueName":"search_term_string"}}],"inLanguage":"en-GB"}]}},"_links":{"self":[{"href":"https:\/\/www.enfermerademicropigmentacion.com\/en\/wp-json\/wp\/v2\/pages\/13","targetHints":{"allow":["GET"]}}],"collection":[{"href":"https:\/\/www.enfermerademicropigmentacion.com\/en\/wp-json\/wp\/v2\/pages"}],"about":[{"href":"https:\/\/www.enfermerademicropigmentacion.com\/en\/wp-json\/wp\/v2\/types\/page"}],"author":[{"embeddable":true,"href":"https:\/\/www.enfermerademicropigmentacion.com\/en\/wp-json\/wp\/v2\/users\/1"}],"replies":[{"embeddable":true,"href":"https:\/\/www.enfermerademicropigmentacion.com\/en\/wp-json\/wp\/v2\/comments?post=13"}],"version-history":[{"count":22,"href":"https:\/\/www.enfermerademicropigmentacion.com\/en\/wp-json\/wp\/v2\/pages\/13\/revisions"}],"predecessor-version":[{"id":634,"href":"https:\/\/www.enfermerademicropigmentacion.com\/en\/wp-json\/wp\/v2\/pages\/13\/revisions\/634"}],"wp:attachment":[{"href":"https:\/\/www.enfermerademicropigmentacion.com\/en\/wp-json\/wp\/v2\/media?parent=13"}],"curies":[{"name":"wp","href":"https:\/\/api.w.org\/{rel}","templated":true}]}}